{"id":54,"date":"2020-04-08T10:05:03","date_gmt":"2020-04-08T10:05:03","guid":{"rendered":"https:\/\/generativehumanae.ch\/?page_id=54"},"modified":"2023-09-22T10:26:35","modified_gmt":"2023-09-22T08:26:35","slug":"capsule-inspiration","status":"publish","type":"page","link":"https:\/\/generativehumanae.ch\/fr\/capsule-inspiration\/","title":{"rendered":"Capsules d\u2019inspiration"},"content":{"rendered":"\n<p>V\u00e9ritable plateforme d\u2019inspiration et d\u2019innovation, le cabinet GenerativeHumanae est aussi, comme son nom l\u2019indique, g\u00e9n\u00e9rateur d\u2019id\u00e9es, de r\u00e9flexions autour de mod\u00e8les organisationnels et humains nouveaux.<\/p>\n\n\n\n<p>Parce que le leadership, le management, la gestion d\u2019hommes et de projets est un art vivant, nous d\u00e9sirons multiplier les sources d\u2019inspiration afin de nourrir le terreau de toutes vos \u00e9volutions et vos transformations. <\/p>\n","protected":false},"excerpt":{"rendered":"<p>V\u00e9ritable plateforme d\u2019inspiration et d\u2019innovation, le cabinet GenerativeHumanae est aussi, comme son nom l\u2019indique, g\u00e9n\u00e9rateur d\u2019id\u00e9es, de r\u00e9flexions autour de mod\u00e8les organisationnels et humains nouveaux. Parce que le leadership, le management, la gestion d\u2019hommes et de projets est un art vivant, nous d\u00e9sirons multiplier les sources d\u2019inspiration afin de nourrir le terreau de toutes vos [&hellip;]<\/p>\n","protected":false},"author":1,"featured_media":0,"parent":0,"menu_order":0,"comment_status":"closed","ping_status":"closed","template":"templates\/template_capsule.php","meta":{"_acf_changed":false,"footnotes":""},"class_list":["post-54","page","type-page","status-publish","hentry"],"acf":[],"yoast_head":"<!-- This site is optimized with the Yoast SEO plugin v24.7 - https:\/\/yoast.com\/wordpress\/plugins\/seo\/ -->\n<title>Articles, livres, vid\u00e9os, mod\u00e8les pour vous inspirer au quotidien<\/title>\n<meta name=\"description\" content=\"Nos experts \u00e0 votre service : exp\u00e9rience et compr\u00e9hension des enjeux manag\u00e9riaux, approche du Leadership, expertise neurocognitive et syst\u00e9mique\" \/>\n<meta name=\"robots\" content=\"index, follow, max-snippet:-1, max-image-preview:large, max-video-preview:-1\" \/>\n<link rel=\"canonical\" href=\"https:\/\/generativehumanae.ch\/fr\/capsule-inspiration\/\" \/>\n<meta property=\"og:locale\" content=\"fr_FR\" \/>\n<meta property=\"og:type\" content=\"article\" \/>\n<meta property=\"og:title\" content=\"Articles, livres, vid\u00e9os, mod\u00e8les pour vous inspirer au quotidien\" \/>\n<meta property=\"og:description\" content=\"Nos experts \u00e0 votre service : exp\u00e9rience et compr\u00e9hension des enjeux manag\u00e9riaux, approche du Leadership, expertise neurocognitive et syst\u00e9mique\" \/>\n<meta property=\"og:url\" content=\"https:\/\/generativehumanae.ch\/fr\/capsule-inspiration\/\" \/>\n<meta property=\"og:site_name\" content=\"Generative Humanae\" \/>\n<meta property=\"article:modified_time\" content=\"2023-09-22T08:26:35+00:00\" \/>\n<meta property=\"og:image\" content=\"https:\/\/generativehumanae.ch\/wp-content\/uploads\/2020\/12\/Pegase-Red-RVB.jpg\" \/>\n\t<meta property=\"og:image:width\" content=\"2368\" \/>\n\t<meta property=\"og:image:height\" content=\"2178\" \/>\n\t<meta property=\"og:image:type\" content=\"image\/jpeg\" \/>\n<meta name=\"twitter:card\" content=\"summary_large_image\" \/>\n<meta name=\"twitter:image\" content=\"https:\/\/generativehumanae.ch\/wp-content\/uploads\/2020\/12\/Pegase-Red-RVB.jpg\" \/>\n<script type=\"application\/ld+json\" class=\"yoast-schema-graph\">{\"@context\":\"https:\/\/schema.org\",\"@graph\":[{\"@type\":\"WebPage\",\"@id\":\"https:\/\/generativehumanae.ch\/fr\/capsule-inspiration\/\",\"url\":\"https:\/\/generativehumanae.ch\/fr\/capsule-inspiration\/\",\"name\":\"Articles, livres, vid\u00e9os, mod\u00e8les pour vous inspirer au quotidien\",\"isPartOf\":{\"@id\":\"https:\/\/generativehumanae.ch\/en\/#website\"},\"datePublished\":\"2020-04-08T10:05:03+00:00\",\"dateModified\":\"2023-09-22T08:26:35+00:00\",\"description\":\"Nos experts \u00e0 votre service : exp\u00e9rience et compr\u00e9hension des enjeux manag\u00e9riaux, approche du Leadership, expertise neurocognitive et syst\u00e9mique\",\"breadcrumb\":{\"@id\":\"https:\/\/generativehumanae.ch\/fr\/capsule-inspiration\/#breadcrumb\"},\"inLanguage\":\"fr-FR\",\"potentialAction\":[{\"@type\":\"ReadAction\",\"target\":[\"https:\/\/generativehumanae.ch\/fr\/capsule-inspiration\/\"]}]},{\"@type\":\"BreadcrumbList\",\"@id\":\"https:\/\/generativehumanae.ch\/fr\/capsule-inspiration\/#breadcrumb\",\"itemListElement\":[{\"@type\":\"ListItem\",\"position\":1,\"name\":\"Home\",\"item\":\"https:\/\/generativehumanae.ch\/fr\/\"},{\"@type\":\"ListItem\",\"position\":2,\"name\":\"Capsules d\u2019inspiration\"}]},{\"@type\":\"WebSite\",\"@id\":\"https:\/\/generativehumanae.ch\/en\/#website\",\"url\":\"https:\/\/generativehumanae.ch\/en\/\",\"name\":\"Generative Humanae\",\"description\":\"Get inspired &amp; Inspire\",\"potentialAction\":[{\"@type\":\"SearchAction\",\"target\":{\"@type\":\"EntryPoint\",\"urlTemplate\":\"https:\/\/generativehumanae.ch\/en\/?s={search_term_string}\"},\"query-input\":{\"@type\":\"PropertyValueSpecification\",\"valueRequired\":true,\"valueName\":\"search_term_string\"}}],\"inLanguage\":\"fr-FR\"}]}<\/script>\n<!-- \/ Yoast SEO plugin. -->","yoast_head_json":{"title":"Articles, livres, vid\u00e9os, mod\u00e8les pour vous inspirer au quotidien","description":"Nos experts \u00e0 votre service : exp\u00e9rience et compr\u00e9hension des enjeux manag\u00e9riaux, approche du Leadership, expertise neurocognitive et syst\u00e9mique","robots":{"index":"index","follow":"follow","max-snippet":"max-snippet:-1","max-image-preview":"max-image-preview:large","max-video-preview":"max-video-preview:-1"},"canonical":"https:\/\/generativehumanae.ch\/fr\/capsule-inspiration\/","og_locale":"fr_FR","og_type":"article","og_title":"Articles, livres, vid\u00e9os, mod\u00e8les pour vous inspirer au quotidien","og_description":"Nos experts \u00e0 votre service : exp\u00e9rience et compr\u00e9hension des enjeux manag\u00e9riaux, approche du Leadership, expertise neurocognitive et syst\u00e9mique","og_url":"https:\/\/generativehumanae.ch\/fr\/capsule-inspiration\/","og_site_name":"Generative Humanae","article_modified_time":"2023-09-22T08:26:35+00:00","og_image":[{"width":2368,"height":2178,"url":"https:\/\/generativehumanae.ch\/wp-content\/uploads\/2020\/12\/Pegase-Red-RVB.jpg","type":"image\/jpeg"}],"twitter_card":"summary_large_image","twitter_image":"https:\/\/generativehumanae.ch\/wp-content\/uploads\/2020\/12\/Pegase-Red-RVB.jpg","schema":{"@context":"https:\/\/schema.org","@graph":[{"@type":"WebPage","@id":"https:\/\/generativehumanae.ch\/fr\/capsule-inspiration\/","url":"https:\/\/generativehumanae.ch\/fr\/capsule-inspiration\/","name":"Articles, livres, vid\u00e9os, mod\u00e8les pour vous inspirer au quotidien","isPartOf":{"@id":"https:\/\/generativehumanae.ch\/en\/#website"},"datePublished":"2020-04-08T10:05:03+00:00","dateModified":"2023-09-22T08:26:35+00:00","description":"Nos experts \u00e0 votre service : exp\u00e9rience et compr\u00e9hension des enjeux manag\u00e9riaux, approche du Leadership, expertise neurocognitive et syst\u00e9mique","breadcrumb":{"@id":"https:\/\/generativehumanae.ch\/fr\/capsule-inspiration\/#breadcrumb"},"inLanguage":"fr-FR","potentialAction":[{"@type":"ReadAction","target":["https:\/\/generativehumanae.ch\/fr\/capsule-inspiration\/"]}]},{"@type":"BreadcrumbList","@id":"https:\/\/generativehumanae.ch\/fr\/capsule-inspiration\/#breadcrumb","itemListElement":[{"@type":"ListItem","position":1,"name":"Home","item":"https:\/\/generativehumanae.ch\/fr\/"},{"@type":"ListItem","position":2,"name":"Capsules d\u2019inspiration"}]},{"@type":"WebSite","@id":"https:\/\/generativehumanae.ch\/en\/#website","url":"https:\/\/generativehumanae.ch\/en\/","name":"Generative Humanae","description":"Get inspired &amp; Inspire","potentialAction":[{"@type":"SearchAction","target":{"@type":"EntryPoint","urlTemplate":"https:\/\/generativehumanae.ch\/en\/?s={search_term_string}"},"query-input":{"@type":"PropertyValueSpecification","valueRequired":true,"valueName":"search_term_string"}}],"inLanguage":"fr-FR"}]}},"_links":{"self":[{"href":"https:\/\/generativehumanae.ch\/fr\/wp-json\/wp\/v2\/pages\/54","targetHints":{"allow":["GET"]}}],"collection":[{"href":"https:\/\/generativehumanae.ch\/fr\/wp-json\/wp\/v2\/pages"}],"about":[{"href":"https:\/\/generativehumanae.ch\/fr\/wp-json\/wp\/v2\/types\/page"}],"author":[{"embeddable":true,"href":"https:\/\/generativehumanae.ch\/fr\/wp-json\/wp\/v2\/users\/1"}],"replies":[{"embeddable":true,"href":"https:\/\/generativehumanae.ch\/fr\/wp-json\/wp\/v2\/comments?post=54"}],"version-history":[{"count":20,"href":"https:\/\/generativehumanae.ch\/fr\/wp-json\/wp\/v2\/pages\/54\/revisions"}],"predecessor-version":[{"id":2098,"href":"https:\/\/generativehumanae.ch\/fr\/wp-json\/wp\/v2\/pages\/54\/revisions\/2098"}],"wp:attachment":[{"href":"https:\/\/generativehumanae.ch\/fr\/wp-json\/wp\/v2\/media?parent=54"}],"curies":[{"name":"wp","href":"https:\/\/api.w.org\/{rel}","templated":true}]}}