{"id":44,"date":"2020-04-08T10:03:07","date_gmt":"2020-04-08T08:03:07","guid":{"rendered":"https:\/\/generativehumanae.ch\/?page_id=44"},"modified":"2024-06-06T13:39:12","modified_gmt":"2024-06-06T11:39:12","slug":"notre-expertise","status":"publish","type":"page","link":"https:\/\/generativehumanae.ch\/fr\/notre-expertise\/","title":{"rendered":"Notre expertise"},"content":{"rendered":"\n<figure class=\"wp-block-pullquote\" style=\"border-color:#abb8c3\"><blockquote><p><em>\u00ab&nbsp;Le leader cr\u00e9e un monde auquel les autres veulent appartenir.&nbsp;\u00bb<\/em><\/p><cite>Robert Dilts, Generative Leadership<\/cite><\/blockquote><\/figure>\n\n\n\n<div class=\"wp-block-group\"><div class=\"wp-block-group__inner-container is-layout-flow wp-block-group-is-layout-flow\">\n<p>Fervent d\u2019une approche qui replace la responsabilit\u00e9 et le talent individuel et collectif comme levier du renouveau de l\u2019entreprise, <strong>GenerativeHumanae est un cabinet de transformation \u00e0 taille et \u00e0 philosophie humaine<\/strong>. Il aborde chaque d\u00e9fi humain, manag\u00e9rial et organisationnel sous l\u2019angle du plein potentiel et du leadership. Un leadership inspirant et embarquant, qui permet \u00e0 la fois le d\u00e9passement de soi et des autres, tout en pr\u00e9servant un cadre de protection indispensable \u00e0 la confiance, au respect et au bien-\u00eatre de tous.<\/p>\n\n\n\n<p>C\u2019est ce que nous appelons&nbsp;: la <strong><a href=\"https:\/\/generativehumanae.ch\/fr\/mise-en-puissance\/\" data-type=\"URL\" data-id=\"https:\/\/generativehumanae.ch\/fr\/mise-en-puissance\/\"><span class=\"has-inline-color has-vivid-red-color\">Mise en Puissance<\/span><\/a><\/strong>.  <\/p>\n\n\n\n<p>Le cabinet GenerativeHumanae, cr\u00e9\u00e9 au c\u0153ur de Lausanne par Charlotte d\u2019Aulnois en 2015 met donc \u00ab&nbsp;en puissance&nbsp;\u00bb les personnes, les \u00e9quipes et les organisations afin que chacun puisse \u00eatre acteur et auteur de ses propres \u00e9volutions et performances sur les terrains d\u2019aujourd\u2019hui et de demain.  <\/p>\n\n\n\n<p><strong>V\u00e9ritable plateforme d\u2019inspiration et d\u2019innovation<\/strong>, le cabinet GenerativeHumanae est aussi, comme son nom l\u2019indique, g\u00e9n\u00e9rateur d\u2019id\u00e9es et de mod\u00e8les organisationnels et humains nouveaux, qui ont pour vocation de faire \u00e9voluer nos cultures manag\u00e9riales vers <span class=\"has-inline-color has-vivid-red-color\"><strong>plus d\u2019autonomie<\/strong><\/span>, <span class=\"has-inline-color has-vivid-red-color\"><strong>plus d\u2019audace<\/strong><\/span> et <span class=\"has-inline-color has-vivid-red-color\"><strong>plus d\u2019agilit\u00e9 <\/strong><\/span>tant en Suisse qu\u2019au-del\u00e0 de nos fronti\u00e8res.<\/p>\n<\/div><\/div>\n\n\n\n<p><\/p>\n\n\n\n<figure class=\"wp-block-video aligncenter\"><video autoplay controls src=\"https:\/\/generativehumanae.ch\/wp-content\/uploads\/2023\/11\/sujet-1.mov\"><\/video><\/figure>\n","protected":false},"excerpt":{"rendered":"<p>\u00ab&nbsp;Le leader cr\u00e9e un monde auquel les autres veulent appartenir.&nbsp;\u00bb Robert Dilts, Generative Leadership Fervent d\u2019une approche qui replace la responsabilit\u00e9 et le talent individuel et collectif comme levier du renouveau de l\u2019entreprise, GenerativeHumanae est un cabinet de transformation \u00e0 taille et \u00e0 philosophie humaine. Il aborde chaque d\u00e9fi humain, manag\u00e9rial et organisationnel sous l\u2019angle [&hellip;]<\/p>\n","protected":false},"author":1,"featured_media":2152,"parent":0,"menu_order":0,"comment_status":"closed","ping_status":"closed","template":"","meta":{"_acf_changed":false,"footnotes":""},"class_list":["post-44","page","type-page","status-publish","has-post-thumbnail","hentry"],"acf":[],"yoast_head":"<!-- This site is optimized with the Yoast SEO plugin v24.7 - https:\/\/yoast.com\/wordpress\/plugins\/seo\/ -->\n<title>Cabinet de transformation \u00e0 taille et philosophie humaine<\/title>\n<meta name=\"description\" content=\"GenerativeHumanae aborde chaque d\u00e9fi humain, manag\u00e9rial et organisationnel sous l\u2019angle du plein potentiel et du leadership. C\u2019est la Mise en Puissance\" \/>\n<meta name=\"robots\" content=\"index, follow, max-snippet:-1, max-image-preview:large, max-video-preview:-1\" \/>\n<link rel=\"canonical\" href=\"https:\/\/generativehumanae.ch\/fr\/notre-expertise\/\" \/>\n<meta property=\"og:locale\" content=\"fr_FR\" \/>\n<meta property=\"og:type\" content=\"article\" \/>\n<meta property=\"og:title\" content=\"Cabinet de transformation \u00e0 taille et philosophie humaine\" \/>\n<meta property=\"og:description\" content=\"GenerativeHumanae aborde chaque d\u00e9fi humain, manag\u00e9rial et organisationnel sous l\u2019angle du plein potentiel et du leadership. C\u2019est la Mise en Puissance\" \/>\n<meta property=\"og:url\" content=\"https:\/\/generativehumanae.ch\/fr\/notre-expertise\/\" \/>\n<meta property=\"og:site_name\" content=\"Generative Humanae\" \/>\n<meta property=\"article:modified_time\" content=\"2024-06-06T11:39:12+00:00\" \/>\n<meta property=\"og:image\" content=\"https:\/\/generativehumanae.ch\/wp-content\/uploads\/2020\/12\/Pegase-Red-RVB.jpg\" \/>\n\t<meta property=\"og:image:width\" content=\"2368\" \/>\n\t<meta property=\"og:image:height\" content=\"2178\" \/>\n\t<meta property=\"og:image:type\" content=\"image\/jpeg\" \/>\n<meta name=\"twitter:card\" content=\"summary_large_image\" \/>\n<meta name=\"twitter:image\" content=\"https:\/\/generativehumanae.ch\/wp-content\/uploads\/2020\/12\/Pegase-Red-RVB.jpg\" \/>\n<meta name=\"twitter:label1\" content=\"Dur\u00e9e de lecture estim\u00e9e\" \/>\n\t<meta name=\"twitter:data1\" content=\"1 minute\" \/>\n<script type=\"application\/ld+json\" class=\"yoast-schema-graph\">{\"@context\":\"https:\/\/schema.org\",\"@graph\":[{\"@type\":\"WebPage\",\"@id\":\"https:\/\/generativehumanae.ch\/fr\/notre-expertise\/\",\"url\":\"https:\/\/generativehumanae.ch\/fr\/notre-expertise\/\",\"name\":\"Cabinet de transformation \u00e0 taille et philosophie humaine\",\"isPartOf\":{\"@id\":\"https:\/\/generativehumanae.ch\/en\/#website\"},\"primaryImageOfPage\":{\"@id\":\"https:\/\/generativehumanae.ch\/fr\/notre-expertise\/#primaryimage\"},\"image\":{\"@id\":\"https:\/\/generativehumanae.ch\/fr\/notre-expertise\/#primaryimage\"},\"thumbnailUrl\":\"https:\/\/generativehumanae.ch\/wp-content\/uploads\/2023\/10\/Le-leader-cre\u0301e-un-monde-_-auquel-les-autres-veulent-appartenir-_-Robert-Dilts-Leadership-visionnaire-2014_.png\",\"datePublished\":\"2020-04-08T08:03:07+00:00\",\"dateModified\":\"2024-06-06T11:39:12+00:00\",\"description\":\"GenerativeHumanae aborde chaque d\u00e9fi humain, manag\u00e9rial et organisationnel sous l\u2019angle du plein potentiel et du leadership. C\u2019est la Mise en Puissance\",\"breadcrumb\":{\"@id\":\"https:\/\/generativehumanae.ch\/fr\/notre-expertise\/#breadcrumb\"},\"inLanguage\":\"fr-FR\",\"potentialAction\":[{\"@type\":\"ReadAction\",\"target\":[\"https:\/\/generativehumanae.ch\/fr\/notre-expertise\/\"]}]},{\"@type\":\"ImageObject\",\"inLanguage\":\"fr-FR\",\"@id\":\"https:\/\/generativehumanae.ch\/fr\/notre-expertise\/#primaryimage\",\"url\":\"https:\/\/generativehumanae.ch\/wp-content\/uploads\/2023\/10\/Le-leader-cre\u0301e-un-monde-_-auquel-les-autres-veulent-appartenir-_-Robert-Dilts-Leadership-visionnaire-2014_.png\",\"contentUrl\":\"https:\/\/generativehumanae.ch\/wp-content\/uploads\/2023\/10\/Le-leader-cre\u0301e-un-monde-_-auquel-les-autres-veulent-appartenir-_-Robert-Dilts-Leadership-visionnaire-2014_.png\",\"width\":1000,\"height\":1000},{\"@type\":\"BreadcrumbList\",\"@id\":\"https:\/\/generativehumanae.ch\/fr\/notre-expertise\/#breadcrumb\",\"itemListElement\":[{\"@type\":\"ListItem\",\"position\":1,\"name\":\"Home\",\"item\":\"https:\/\/generativehumanae.ch\/fr\/\"},{\"@type\":\"ListItem\",\"position\":2,\"name\":\"Notre expertise\"}]},{\"@type\":\"WebSite\",\"@id\":\"https:\/\/generativehumanae.ch\/en\/#website\",\"url\":\"https:\/\/generativehumanae.ch\/en\/\",\"name\":\"Generative Humanae\",\"description\":\"Get inspired &amp; Inspire\",\"potentialAction\":[{\"@type\":\"SearchAction\",\"target\":{\"@type\":\"EntryPoint\",\"urlTemplate\":\"https:\/\/generativehumanae.ch\/en\/?s={search_term_string}\"},\"query-input\":{\"@type\":\"PropertyValueSpecification\",\"valueRequired\":true,\"valueName\":\"search_term_string\"}}],\"inLanguage\":\"fr-FR\"}]}<\/script>\n<!-- \/ Yoast SEO plugin. -->","yoast_head_json":{"title":"Cabinet de transformation \u00e0 taille et philosophie humaine","description":"GenerativeHumanae aborde chaque d\u00e9fi humain, manag\u00e9rial et organisationnel sous l\u2019angle du plein potentiel et du leadership. C\u2019est la Mise en Puissance","robots":{"index":"index","follow":"follow","max-snippet":"max-snippet:-1","max-image-preview":"max-image-preview:large","max-video-preview":"max-video-preview:-1"},"canonical":"https:\/\/generativehumanae.ch\/fr\/notre-expertise\/","og_locale":"fr_FR","og_type":"article","og_title":"Cabinet de transformation \u00e0 taille et philosophie humaine","og_description":"GenerativeHumanae aborde chaque d\u00e9fi humain, manag\u00e9rial et organisationnel sous l\u2019angle du plein potentiel et du leadership. C\u2019est la Mise en Puissance","og_url":"https:\/\/generativehumanae.ch\/fr\/notre-expertise\/","og_site_name":"Generative Humanae","article_modified_time":"2024-06-06T11:39:12+00:00","og_image":[{"width":2368,"height":2178,"url":"https:\/\/generativehumanae.ch\/wp-content\/uploads\/2020\/12\/Pegase-Red-RVB.jpg","type":"image\/jpeg"}],"twitter_card":"summary_large_image","twitter_image":"https:\/\/generativehumanae.ch\/wp-content\/uploads\/2020\/12\/Pegase-Red-RVB.jpg","twitter_misc":{"Dur\u00e9e de lecture estim\u00e9e":"1 minute"},"schema":{"@context":"https:\/\/schema.org","@graph":[{"@type":"WebPage","@id":"https:\/\/generativehumanae.ch\/fr\/notre-expertise\/","url":"https:\/\/generativehumanae.ch\/fr\/notre-expertise\/","name":"Cabinet de transformation \u00e0 taille et philosophie humaine","isPartOf":{"@id":"https:\/\/generativehumanae.ch\/en\/#website"},"primaryImageOfPage":{"@id":"https:\/\/generativehumanae.ch\/fr\/notre-expertise\/#primaryimage"},"image":{"@id":"https:\/\/generativehumanae.ch\/fr\/notre-expertise\/#primaryimage"},"thumbnailUrl":"https:\/\/generativehumanae.ch\/wp-content\/uploads\/2023\/10\/Le-leader-cre\u0301e-un-monde-_-auquel-les-autres-veulent-appartenir-_-Robert-Dilts-Leadership-visionnaire-2014_.png","datePublished":"2020-04-08T08:03:07+00:00","dateModified":"2024-06-06T11:39:12+00:00","description":"GenerativeHumanae aborde chaque d\u00e9fi humain, manag\u00e9rial et organisationnel sous l\u2019angle du plein potentiel et du leadership. C\u2019est la Mise en Puissance","breadcrumb":{"@id":"https:\/\/generativehumanae.ch\/fr\/notre-expertise\/#breadcrumb"},"inLanguage":"fr-FR","potentialAction":[{"@type":"ReadAction","target":["https:\/\/generativehumanae.ch\/fr\/notre-expertise\/"]}]},{"@type":"ImageObject","inLanguage":"fr-FR","@id":"https:\/\/generativehumanae.ch\/fr\/notre-expertise\/#primaryimage","url":"https:\/\/generativehumanae.ch\/wp-content\/uploads\/2023\/10\/Le-leader-cre\u0301e-un-monde-_-auquel-les-autres-veulent-appartenir-_-Robert-Dilts-Leadership-visionnaire-2014_.png","contentUrl":"https:\/\/generativehumanae.ch\/wp-content\/uploads\/2023\/10\/Le-leader-cre\u0301e-un-monde-_-auquel-les-autres-veulent-appartenir-_-Robert-Dilts-Leadership-visionnaire-2014_.png","width":1000,"height":1000},{"@type":"BreadcrumbList","@id":"https:\/\/generativehumanae.ch\/fr\/notre-expertise\/#breadcrumb","itemListElement":[{"@type":"ListItem","position":1,"name":"Home","item":"https:\/\/generativehumanae.ch\/fr\/"},{"@type":"ListItem","position":2,"name":"Notre expertise"}]},{"@type":"WebSite","@id":"https:\/\/generativehumanae.ch\/en\/#website","url":"https:\/\/generativehumanae.ch\/en\/","name":"Generative Humanae","description":"Get inspired &amp; Inspire","potentialAction":[{"@type":"SearchAction","target":{"@type":"EntryPoint","urlTemplate":"https:\/\/generativehumanae.ch\/en\/?s={search_term_string}"},"query-input":{"@type":"PropertyValueSpecification","valueRequired":true,"valueName":"search_term_string"}}],"inLanguage":"fr-FR"}]}},"_links":{"self":[{"href":"https:\/\/generativehumanae.ch\/fr\/wp-json\/wp\/v2\/pages\/44","targetHints":{"allow":["GET"]}}],"collection":[{"href":"https:\/\/generativehumanae.ch\/fr\/wp-json\/wp\/v2\/pages"}],"about":[{"href":"https:\/\/generativehumanae.ch\/fr\/wp-json\/wp\/v2\/types\/page"}],"author":[{"embeddable":true,"href":"https:\/\/generativehumanae.ch\/fr\/wp-json\/wp\/v2\/users\/1"}],"replies":[{"embeddable":true,"href":"https:\/\/generativehumanae.ch\/fr\/wp-json\/wp\/v2\/comments?post=44"}],"version-history":[{"count":50,"href":"https:\/\/generativehumanae.ch\/fr\/wp-json\/wp\/v2\/pages\/44\/revisions"}],"predecessor-version":[{"id":2529,"href":"https:\/\/generativehumanae.ch\/fr\/wp-json\/wp\/v2\/pages\/44\/revisions\/2529"}],"wp:featuredmedia":[{"embeddable":true,"href":"https:\/\/generativehumanae.ch\/fr\/wp-json\/wp\/v2\/media\/2152"}],"wp:attachment":[{"href":"https:\/\/generativehumanae.ch\/fr\/wp-json\/wp\/v2\/media?parent=44"}],"curies":[{"name":"wp","href":"https:\/\/api.w.org\/{rel}","templated":true}]}}