{"id":3121,"date":"2025-03-19T06:04:46","date_gmt":"2025-03-19T05:04:46","guid":{"rendered":"https:\/\/generativehumanae.ch\/?page_id=2724"},"modified":"2025-03-21T06:39:26","modified_gmt":"2025-03-21T05:39:26","slug":"temoignages","status":"publish","type":"page","link":"https:\/\/generativehumanae.ch\/fr\/temoignages\/","title":{"rendered":"Ils nous font confiance"},"content":{"rendered":"\r\n<div style=\"height:30px\" aria-hidden=\"true\" class=\"wp-block-spacer\"><\/div>\r\n\r\n\r\n\r\n<p>Ils nous ont fait confiance pour \u00ab\u00a0mettre en Puissance\u00a0\u00bb leurs \u00e9quipes, leurs organisations ou simplement pour les accompagner individuellement \u00e0 atteindre leur plein potentiel et ainsi transformer l&rsquo;existant pour construire l&rsquo;avenir.<\/p>\r\n\r\n\r\n\r\n<div style=\"height:30px\" aria-hidden=\"true\" class=\"wp-block-spacer\"><\/div>\r\n\r\n\r\n<div class=\"testimonial\">\n\t<div class=\"author\">CEO, PME sp\u00e9cialis\u00e9e dans les syst\u00e8mes m\u00e9caniques<\/div>\n\t<div class=\"icon-wrap\">\n\t\t<img loading=\"lazy\" decoding=\"async\" width=\"100\" height=\"100\" src=\"https:\/\/generativehumanae.ch\/wp-content\/uploads\/2025\/03\/1-1.png\" class=\"testimonial-icon\" alt=\"\" \/>\t<\/div>\n\t<div class=\"text-wrap\">\n\t\t<p>It\u2019s unusual for our engineering company to spend time on our team dynamics. To do this, the management team had to find the right sparring partners. GenerativeHumanae was recommended to us by a trusted acquaintance. The overall approach is clearly structured, but the process and rhythm are very flexible.<\/p>\n<p>GenerativeHumanae takes generative leadership and neuroscience and distils fundamental modern, concrete principles that can be applied every day. These principles are put into practice in a series of workshops where the 3-year vision of the business is defined, ready to be set in motion. This exercise \u2013 never easy, but always exciting \u2013 builds team cohesion and alignment around a collective master project.<\/p>\n<p>GenerativeHumanae understood how to work with us throughout the process, supporting us as needed. Beyond this, the experience was built on the incredible positive energy of the GenerativeHumanae team, their passion and desire to get the best out of each person and make it available to the team. Comments were insightful and encouraging, allowing each person to reflect on themselves in a safe environment. Help was always offered, enabling each person to get past personal blocks and team constraints \u2013 vital for senior managers aiming for excellence in a constantly changing world.<\/p>\n\t<\/div>\n<\/div>\n\r\n\r\n<div class=\"testimonial\">\n\t<div class=\"author\">DRH, Groupe leader mondial de l\u2019horlogerie et la joaillerie<\/div>\n\t<div class=\"icon-wrap\">\n\t\t<img loading=\"lazy\" decoding=\"async\" width=\"100\" height=\"100\" src=\"https:\/\/generativehumanae.ch\/wp-content\/uploads\/2025\/03\/3-1.png\" class=\"testimonial-icon\" alt=\"\" \/>\t<\/div>\n\t<div class=\"text-wrap\">\n\t\t<p>GenerativeHumanae a d\u00e9velopp\u00e9 une approche extr\u00eamement puissante d\u2019accompagnement d\u2019\u00e9quipes dans leurs projets d\u2019entreprise. Pour avoir l\u2019impact recherch\u00e9, cette approche doit \u00eatre port\u00e9e par le top management, et embarquer l\u2019ensemble des \u00e9quipes dans une d\u00e9marche collaborative.<\/p>\n<p>Elle commence par ouvrir une r\u00e9flexion sur la raison d\u2019\u00eatre, la vision et la mission de l\u2019\u00e9quipe, et pousse jusqu\u2019au plan d\u2019action concret pour parvenir \u00e0 un alignement complet entre ces \u00e9l\u00e9ments. Elle s\u2019appuie notamment sur une connaissance de soi et des autres, de ses forces et de ses limites, fond\u00e9e sur l\u2019\u00e9valuation des profils Wave de chacun et la mise en commun de ces profils. Il ne faut pas se tromper d\u2019objectif \u2013 cette approche n\u2019est pas destin\u00e9e \u00e0 r\u00e9soudre des conflits interpersonnels au sein des \u00e9quipes. En revanche, men\u00e9e \u00e0 bien, elle peut les anticiper et les adresser avant qu\u2019ils ne surviennent.<\/p>\n<p>Nous avons eu l\u2019occasion de d\u00e9ployer l\u2019approche de GenerativeHumanae \u00e0 plusieurs occasions dans notre entreprise, toujours avec des r\u00e9sultats et retours excellents. Voici quelques cas \u00e0 titre d\u2019exemples\u00a0:<\/p>\n<p>1. Cr\u00e9ation de la vision, mission et feuille de route d\u2019une \u00e9quipe corporate au sein d\u2019une organisation \u00e0 forte composante matricielle.<\/p>\n<p>2. Accompagnement des participants et de leur sponsor lors d\u2019une formation pour high-potentials en provenance de diff\u00e9rentes organisations.<\/p>\n<p>3. Mise en culture sur l\u2019industrie 4.0 et pr\u00e9paration d\u2019une \u00e9bauche d\u2019une roadmap pour une population mixte de COOs et HRDs.<\/p>\n\t<\/div>\n<\/div>\n\r\n\r\n<div class=\"testimonial\">\n\t<div class=\"author\">CEO, industrie micro-m\u00e9canique<\/div>\n\t<div class=\"icon-wrap\">\n\t\t<img loading=\"lazy\" decoding=\"async\" width=\"100\" height=\"100\" src=\"https:\/\/generativehumanae.ch\/wp-content\/uploads\/2025\/03\/5-1.png\" class=\"testimonial-icon\" alt=\"\" \/>\t<\/div>\n\t<div class=\"text-wrap\">\n\t\t<p>Dans une p\u00e9riode de recomposition de notre Comit\u00e9 de Direction, nous avons effectu\u00e9 avec GenerativeHumanae, une \u00e9valuation des profils, potentiels &amp; talents, de notre Equipe Dirigeante.<\/p>\n<p>Sur le plan individuel, cette exp\u00e9rience a \u00e9t\u00e9 tr\u00e8s riche d\u2019enseignements, de prise de conscience, de pistes d\u2019am\u00e9liorations et de re synchronisation avec nos objectifs et nos envies. Plusieurs membres du CD ont d\u2019ailleurs entrepris, \u00e0 la suite du Wave, des coachings personnalis\u00e9s avec des Membres de GenerativeHumanae, au profit d\u2019une r\u00e9alisation remarqu\u00e9e de leur potentiel.<\/p>\n<p>Devant la richesse de cette exp\u00e9rience individuelle, nous avons d\u00e9cid\u00e9, en commun, de partager au sein du Comit\u00e9 de Direction, nos Waves respectifs. L\u2019\u00e9quipe de GenerativeHumanae nous a accompagn\u00e9 dans cette d\u00e9marche de \u00ab\u00a0constellation d\u2019Equipe\u00a0\u00bb.<\/p>\n<p>Ce s\u00e9minaire, o\u00f9 chacun (e) a d\u00e9voil\u00e9 son profil, et o\u00f9 nous avons pris conscience de la compl\u00e9mentarit\u00e9 des potentiels et talents de l\u2019Equipe, au regard des objectifs de d\u00e9veloppement de l\u2019entreprise, a \u00e9t\u00e9 un grand moment de bienveillance, d\u2019enthousiasme, et de lib\u00e9ration des \u00e9nergies du groupe. Les membres du CD utilisent maintenant \u00e0 bon escient, dans une ambiance positive, le potentiel du groupe, d\u00e9multipliant notre puissance dans l\u2019action.<\/p>\n<p>Ce \u00ab\u00a0d\u00e9blocage\u00a0\u00bb du pouvoir en nous et dans nos Equipes a \u00e9t\u00e9 une forme de voyage qui a soud\u00e9 le Groupe.<\/p>\n<p>Fort de cette exp\u00e9rience, nous allons d\u00e9multiplier cette exp\u00e9rience \u00e0 nos Managers, pour mettre en puissance l\u2019ensemble de notre organisation. Au-del\u00e0 de l\u2019outil, l\u2019\u00e9quipe de GenerativeHumanae a eu un apport d\u00e9cisif sur la r\u00e9ussite de cette transformation. Les Consultants (es), professionnels (elles) exp\u00e9riment\u00e9s (\u00e9es) avec des exp\u00e9riences entrepreneuriales fortes, sont de v\u00e9ritables Coachs et partenaires, capables d\u2019entendre, comprendre, contextualiser, saisir les risques et surtout les opportunit\u00e9s de votre business. Ainsi, ils (elles) aident \u00e0 la r\u00e9alisation des potentiels, et mettent en valeur les compl\u00e9mentarit\u00e9s et suppl\u00e9mentarit\u00e9s des Equipes.<\/p>\n<p>Avec clart\u00e9, ils (elles) rendent visibles \u00e0 la Personne et aux Equipes, les comportements dysfonctionnels\u00a0: Ils (Elles) les expliquent avec psychologie et en s\u2019appuyant sur la neuro science, \u00e9vitant ainsi tout sentiment de culpabilit\u00e9, et permettant d\u2019orienter r\u00e9solument les \u00ab\u00a0Clients\u00a0\u00bb vers l\u2019action positive et valorisante. Il en r\u00e9sulte des conversations \u00e9clairantes et une transformation positive, permettant aux Equipes de r\u00e9aliser leur potentiel pour atteindre les objectifs du groupe.<\/p>\n<p>Je recommande cette exp\u00e9rience avec enthousiasme.<\/p>\n\t<\/div>\n<\/div>\n\r\n\r\n<div class=\"testimonial\">\n\t<div class=\"author\">CEO, industrie de la chronom\u00e9trie<\/div>\n\t<div class=\"icon-wrap\">\n\t\t<img loading=\"lazy\" decoding=\"async\" width=\"100\" height=\"100\" src=\"https:\/\/generativehumanae.ch\/wp-content\/uploads\/2025\/03\/2-1.png\" class=\"testimonial-icon\" alt=\"\" \/>\t<\/div>\n\t<div class=\"text-wrap\">\n\t\t<p>En tant que responsable, on tente souvent de changer les \u00e9quipes ou leur mani\u00e8re de fonctionner une fois en place. Il serait beaucoup plus simple de choisir d\u2019embl\u00e9e les gens qui correspondent aux valeurs, \u00e0 l\u2019\u00e9nergie et \u00e0 l\u2019image que l\u2019on se fait de son \u00e9quipe. Cela n\u2019est que rarement possible.<\/p>\n<p>Cette chance m\u2019a \u00e9t\u00e9 offerte en ce d\u00e9but d\u2019ann\u00e9e, mais comment faire pour \u00eatre s\u00fbr de ne pas se tromper ou alors un minimum. La r\u00e9ponse toute simple a \u00e9t\u00e9 de nous adjoindre les services de sp\u00e9cialistes du domaine de la mise en puissance des \u00e9quipes.<\/p>\n<p>Notre choix s\u2019est port\u00e9 sur GenerativeHumanae pour nous accompagner dans l\u2019aide \u00e0 la d\u00e9finition et la constitution de notre nouvelle \u00e9quipe. Nous leur avons ensuite confi\u00e9 le mandat de nous guider pour la mise en puissance de celle-ci.<\/p>\n<p>Leur programme et l\u2019exp\u00e9rience dont ils font preuve nous ont permis un travail tr\u00e8s profond. Travail qui porte ses fruits bien au-del\u00e0 du strict cadre de l\u2019\u00e9quipe. Les d\u00e9marches que chacun a \u00e9t\u00e9 amen\u00e9 \u00e0 faire sont non seulement profitables \u00e0 nos r\u00e9sultats professionnels, mais personnels aussi. Chacun conna\u00eet aujourd\u2019hui mieux ses forces et ses faiblesses, mais aussi ce que sont ses d\u00e9fis.<\/p>\n<p>La d\u00e9marche pleine de bienveillance, mais sans complaisance a permis \u00e0 chacun de grandir sans ressentir de jugement et en pouvant compter \u00e0 chaque sur une \u00e9coute tr\u00e8s professionnelle.<\/p>\n<p>La d\u00e9finition de notre grand projet d\u2019entreprise nous permet de garder un cap et d\u2019avoir un objectif commun auquel chacun s\u2019identifie d\u2019autant plus facilement qu\u2019il a contribu\u00e9 \u00e0 sa d\u00e9finition.<br \/>\nAujourd\u2019hui chacun conna\u00eet son r\u00f4le et la valeur qu\u2019il am\u00e8ne \u00e0 l\u2019\u00e9quipe. Chacun sait que les moments de doute ou de d\u00e9ception que l\u2019\u00e9quipe va croiser sur sa route pourront \u00eatre surmont\u00e9 parce que nous sommes une \u00e9quipe.<\/p>\n<p>Nous remercions ici GenerativeHumanae pour leur professionnalisme, leur approche, mais aussi et surtout pour leur apport humain mis dans notre accompagnement. Nous ne pouvons que recommander leurs services \u00e0 tout dirigeant dans le doute ou la crainte face \u00e0 une difficult\u00e9 d\u2019\u00e9quipe.<\/p>\n\t<\/div>\n<\/div>\n\r\n\r\n<div class=\"testimonial\">\n\t<div class=\"author\">Notaire Associ\u00e9<\/div>\n\t<div class=\"icon-wrap\">\n\t\t<img loading=\"lazy\" decoding=\"async\" width=\"100\" height=\"100\" src=\"https:\/\/generativehumanae.ch\/wp-content\/uploads\/2025\/03\/10-1.png\" class=\"testimonial-icon\" alt=\"\" \/>\t<\/div>\n\t<div class=\"text-wrap\">\n\t\t<p>La remise en question, le point de d\u00e9part du processus de Mise en Puissance\u00a0!<\/p>\n<p>Certains que nous \u00e9tions suffisamment comp\u00e9tents pour trouver nous-m\u00eames les solutions \u00e0 nos probl\u00e8mes r\u00e9currents et que personne ne pouvait mieux que nous en saisir les enjeux, le fait m\u00eame de se soumettre \u00e0 une Mise en Puissance a \u00e9t\u00e9 une victoire en soi et peut-\u00eatre la base du succ\u00e8s\u00a0!<\/p>\n<p>En mettant en valeur les talents de chacun au profit de l\u2019objectif commun, la Mise en Puissance permet :<br \/>\n\u2013 rapidement et directement<br \/>\n\u2013 de fa\u00e7on cibl\u00e9e<br \/>\n\u2013 en optimisant le temps \u00e0 disposition<br \/>\n\u2013 de mani\u00e8re performante<br \/>\n\u2013 en conservant intelligemment l\u2019\u00e9nergie pour le d\u00e9veloppement des autres projets ;<br \/>\nde construire le cadre d\u2019\u00e9volution de l\u2019ensemble de l\u2019\u00e9quipe.<\/p>\n<p>Issu d\u2019un m\u00e9tier dont le but est de trouver en permanence des solutions aux probl\u00e8mes parfois complexes de nos clients, alliant savoir-faire, communication et sensibilit\u00e9, il n\u2019allait pas de soi pour moi et mes associ\u00e9s, que nous aussi, nous avions besoin de trouver les r\u00e9ponses \u00e0 nos questions en dehors de notre cercle\u00a0!<\/p>\n<p>En nous \u00ab\u00a0challengeant\u00a0\u00bb et en nous repoussant dans nos retranchements, l\u2019\u00e9quipe de GenerativeHumanae nous a aid\u00e9s \u00e0 mieux nous conna\u00eetre et \u00e0 comprendre que chacun pouvait par ses comp\u00e9tences sp\u00e9cifiques et personnelles contribuer au succ\u00e8s de notre partenariat et de nos affaires\u00a0!<\/p>\n\t<\/div>\n<\/div>\n\r\n\r\n<div class=\"testimonial\">\n\t<div class=\"author\">Directeur g\u00e9n\u00e9ral, services publics des transports<\/div>\n\t<div class=\"icon-wrap\">\n\t\t<img loading=\"lazy\" decoding=\"async\" width=\"100\" height=\"100\" src=\"https:\/\/generativehumanae.ch\/wp-content\/uploads\/2025\/03\/4-1.png\" class=\"testimonial-icon\" alt=\"\" \/>\t<\/div>\n\t<div class=\"text-wrap\">\n\t\t<p>L\u2019intervention de GenerativeHumanae a permis dans un premier temps, \u00e0 notre \u00e9quipe de Direction rapproch\u00e9e\u00a0de vivre le \u00ab\u00a0Voyage du H\u00e9ros\u00a0\u00bb, voyage initiatique pour grandir en s\u00e9r\u00e9nit\u00e9, leadership et en puissance d\u2019action. Ce travail a eu aussi l\u2019effet collat\u00e9ral positif de relier et rallier les \u00e9quipes entre elles et rompre avec les questions de territorialit\u00e9.<\/p>\n<p>Aujourd\u2019hui, la Direction est devenue force d\u2019exemple en termes de fonctionnement transverse, en interface, garant de l\u2019agilit\u00e9 de l\u2019organisation dans son ensemble.<\/p>\n<p>Les membres de la direction vont m\u00eame jusqu\u2019\u00e0 s\u2019inqui\u00e9ter pour l\u2019autre et anticiper les besoins de leurs coll\u00e8gues. Gr\u00e2ce \u00e0 cette nouvelle dynamique, chacun a pu exprimer son leadership, prendre du recul par rapport aux fonctionnements quotidiens et renforcer son r\u00f4le de catalyseur d\u2019envies et de r\u00e9ussites.<\/p>\n<p>L\u2019accompagnement par GenerativeHumanae a \u00e9t\u00e9 d\u00e9cisif dans l\u2019excellente gestion de la crise de la pand\u00e9mie en 2020.<\/p>\n\t<\/div>\n<\/div>\n\r\n\r\n<div class=\"testimonial\">\n\t<div class=\"author\">CEO, industrie cosm\u00e9tiques suisse<\/div>\n\t<div class=\"icon-wrap\">\n\t\t<img loading=\"lazy\" decoding=\"async\" width=\"100\" height=\"100\" src=\"https:\/\/generativehumanae.ch\/wp-content\/uploads\/2025\/03\/6-1.png\" class=\"testimonial-icon\" alt=\"\" \/>\t<\/div>\n\t<div class=\"text-wrap\">\n\t\t<p>Dans la vie d\u2019une entreprise familiale comme la n\u00f4tre, le changement de taille est particuli\u00e8rement crucial \u00e0 r\u00e9ussir !<\/p>\n<p>L\u2019\u00e9quipe GenerativeHumanae nous a offert une fa\u00e7on originale et efficace de faire \u00ab\u00a0monter en puissance\u00a0et en comp\u00e9tences\u00a0\u00bb les artisans de la marque ainsi que d\u2019int\u00e9grer de nouveaux talents au sein d\u2019une Direction nouvellement cr\u00e9\u00e9e.<\/p>\n<p>Ce fut donc un accompagnement organisationnel et humain tr\u00e8s circonstanci\u00e9, appliqu\u00e9 \u00e0 notre fort esprit d\u2019\u00e9quipe et qui, aujourd\u2019hui permet le lancement toute en finesse de nos nouvelles cr\u00e9ations sur le march\u00e9. L\u2019\u00e9quipe a acquis un nouvel \u00e9quilibre, de la force, de l\u2019agilit\u00e9 et de la maturit\u00e9 sur un p\u00e9rim\u00e8tre \u00e0 pr\u00e9sent plus large et mieux structur\u00e9.<\/p>\n<p>Un grand merci!<\/p>\n\t<\/div>\n<\/div>\n\r\n\r\n<div class=\"testimonial\">\n\t<div class=\"author\">DRH, industrie \u00e9nerg\u00e9tique globale<\/div>\n\t<div class=\"icon-wrap\">\n\t\t<img loading=\"lazy\" decoding=\"async\" width=\"100\" height=\"100\" src=\"https:\/\/generativehumanae.ch\/wp-content\/uploads\/2025\/03\/7-1.png\" class=\"testimonial-icon\" alt=\"\" \/>\t<\/div>\n\t<div class=\"text-wrap\">\n\t\t<p>Nous avons contact\u00e9 Generative Humanae pour nous accompagner dans l\u2019\u00e9laboration d\u2019un programme de d\u00e9veloppement du leadership pour nos cadres.<\/p>\n<p>Ils se sont montr\u00e9s tr\u00e8s \u00e0 l\u2019\u00e9coute et ont pu nous soutenir efficacement, gr\u00e2ce \u00e0 leur approche syst\u00e9mique et avant-gardiste de ce domaine.<\/p>\n<p>Nous leur avons aussi confi\u00e9 des coachings de nos cadres sup\u00e9rieurs qui se sont \u00e9galement r\u00e9v\u00e9l\u00e9s tr\u00e8s puissants.<br \/>\nNous ne pouvons que les recommander \u00e0 qui d\u00e9sire mettre de la lumi\u00e8re et du sens dans son organisation\u00a0!<\/p>\n\t<\/div>\n<\/div>\n\r\n\r\n<div class=\"testimonial\">\n\t<div class=\"author\">CEO, clinique priv\u00e9e suisse<\/div>\n\t<div class=\"icon-wrap\">\n\t\t<img loading=\"lazy\" decoding=\"async\" width=\"100\" height=\"100\" src=\"https:\/\/generativehumanae.ch\/wp-content\/uploads\/2025\/03\/8-1.png\" class=\"testimonial-icon\" alt=\"\" \/>\t<\/div>\n\t<div class=\"text-wrap\">\n\t\t<p>L\u2019\u00e9quipe GenerativeHumanae sont des metteurs en puissance tant de vie que de business.<\/p>\n<p>Gr\u00e2ce \u00e0 eux, nous avons pu identifier les vuln\u00e9rabilit\u00e9s de la clinique et ainsi travailler \u00e0 \u00e9tablir de nouvelles interfaces pour gagner en efficience et performance.<\/p>\n\t<\/div>\n<\/div>\n\r\n\r\n<div class=\"testimonial\">\n\t<div class=\"author\">Biblioth\u00e9caire universitaire<\/div>\n\t<div class=\"icon-wrap\">\n\t\t<img loading=\"lazy\" decoding=\"async\" width=\"100\" height=\"100\" src=\"https:\/\/generativehumanae.ch\/wp-content\/uploads\/2025\/03\/9-1.png\" class=\"testimonial-icon\" alt=\"\" \/>\t<\/div>\n\t<div class=\"text-wrap\">\n\t\t<p>Le Cabinet GenerativeHumanae m\u2019a permis de g\u00e9rer et de r\u00e9ussir une transition de vie et de carri\u00e8re importante.<\/p>\n<p>La qualit\u00e9 de son \u00e9coute, son soutien et son questionnement puissant permet une remise en perspective d\u00e9terminante. Sa capacit\u00e9 \u00e0 mettre l\u2019autre en action avec empathie est aussi un atout fort du Cabinet.<\/p>\n<p>Gr\u00e2ce \u00e0 son accompagnement, j\u2019ai pu confronter mes peurs et les transformer en nouvelles ressources afin d\u2019ouvrir un champ des possibles plus large.<\/p>\n<p>Je recommande vivement le Cabinet GenerativeHumanae pour tout suivi individuel.<\/p>\n\t<\/div>\n<\/div>\n\r\n\r\n\r\n<p><\/p>\r\n","protected":false},"excerpt":{"rendered":"<p>Ils nous ont fait confiance pour \u00ab\u00a0mettre en Puissance\u00a0\u00bb leurs \u00e9quipes, leurs organisations ou simplement pour les accompagner individuellement \u00e0 atteindre leur plein potentiel et ainsi transformer l&rsquo;existant pour construire l&rsquo;avenir.<\/p>\n","protected":false},"author":1,"featured_media":0,"parent":0,"menu_order":0,"comment_status":"closed","ping_status":"closed","template":"templates\/template_helpful_default.php","meta":{"_acf_changed":false,"footnotes":""},"class_list":["post-3121","page","type-page","status-publish","hentry"],"acf":[],"yoast_head":"<!-- This site is optimized with the Yoast SEO plugin v24.7 - https:\/\/yoast.com\/wordpress\/plugins\/seo\/ -->\n<title>Ils nous font confiance - Generative Humanae<\/title>\n<meta name=\"robots\" content=\"index, follow, max-snippet:-1, max-image-preview:large, max-video-preview:-1\" \/>\n<link rel=\"canonical\" href=\"https:\/\/generativehumanae.ch\/fr\/temoignages\/\" \/>\n<meta property=\"og:locale\" content=\"fr_FR\" \/>\n<meta property=\"og:type\" content=\"article\" \/>\n<meta property=\"og:title\" content=\"Ils nous font confiance - Generative Humanae\" \/>\n<meta property=\"og:description\" content=\"Ils nous ont fait confiance pour \u00ab\u00a0mettre en Puissance\u00a0\u00bb leurs \u00e9quipes, leurs organisations ou simplement pour les accompagner individuellement \u00e0 atteindre leur plein potentiel et ainsi transformer l&rsquo;existant pour construire l&rsquo;avenir.\" \/>\n<meta property=\"og:url\" content=\"https:\/\/generativehumanae.ch\/fr\/temoignages\/\" \/>\n<meta property=\"og:site_name\" content=\"Generative Humanae\" \/>\n<meta property=\"article:modified_time\" content=\"2025-03-21T05:39:26+00:00\" \/>\n<meta name=\"twitter:card\" content=\"summary_large_image\" \/>\n<script type=\"application\/ld+json\" class=\"yoast-schema-graph\">{\"@context\":\"https:\/\/schema.org\",\"@graph\":[{\"@type\":\"WebPage\",\"@id\":\"https:\/\/generativehumanae.ch\/fr\/temoignages\/\",\"url\":\"https:\/\/generativehumanae.ch\/fr\/temoignages\/\",\"name\":\"Ils nous font confiance - Generative Humanae\",\"isPartOf\":{\"@id\":\"https:\/\/generativehumanae.ch\/en\/#website\"},\"datePublished\":\"2025-03-19T05:04:46+00:00\",\"dateModified\":\"2025-03-21T05:39:26+00:00\",\"breadcrumb\":{\"@id\":\"https:\/\/generativehumanae.ch\/fr\/temoignages\/#breadcrumb\"},\"inLanguage\":\"fr-FR\",\"potentialAction\":[{\"@type\":\"ReadAction\",\"target\":[\"https:\/\/generativehumanae.ch\/fr\/temoignages\/\"]}]},{\"@type\":\"BreadcrumbList\",\"@id\":\"https:\/\/generativehumanae.ch\/fr\/temoignages\/#breadcrumb\",\"itemListElement\":[{\"@type\":\"ListItem\",\"position\":1,\"name\":\"Home\",\"item\":\"https:\/\/generativehumanae.ch\/fr\/\"},{\"@type\":\"ListItem\",\"position\":2,\"name\":\"Ils nous font confiance\"}]},{\"@type\":\"WebSite\",\"@id\":\"https:\/\/generativehumanae.ch\/en\/#website\",\"url\":\"https:\/\/generativehumanae.ch\/en\/\",\"name\":\"Generative Humanae\",\"description\":\"Get inspired &amp; Inspire\",\"potentialAction\":[{\"@type\":\"SearchAction\",\"target\":{\"@type\":\"EntryPoint\",\"urlTemplate\":\"https:\/\/generativehumanae.ch\/en\/?s={search_term_string}\"},\"query-input\":{\"@type\":\"PropertyValueSpecification\",\"valueRequired\":true,\"valueName\":\"search_term_string\"}}],\"inLanguage\":\"fr-FR\"}]}<\/script>\n<!-- \/ Yoast SEO plugin. -->","yoast_head_json":{"title":"Ils nous font confiance - Generative Humanae","robots":{"index":"index","follow":"follow","max-snippet":"max-snippet:-1","max-image-preview":"max-image-preview:large","max-video-preview":"max-video-preview:-1"},"canonical":"https:\/\/generativehumanae.ch\/fr\/temoignages\/","og_locale":"fr_FR","og_type":"article","og_title":"Ils nous font confiance - Generative Humanae","og_description":"Ils nous ont fait confiance pour \u00ab\u00a0mettre en Puissance\u00a0\u00bb leurs \u00e9quipes, leurs organisations ou simplement pour les accompagner individuellement \u00e0 atteindre leur plein potentiel et ainsi transformer l&rsquo;existant pour construire l&rsquo;avenir.","og_url":"https:\/\/generativehumanae.ch\/fr\/temoignages\/","og_site_name":"Generative Humanae","article_modified_time":"2025-03-21T05:39:26+00:00","twitter_card":"summary_large_image","schema":{"@context":"https:\/\/schema.org","@graph":[{"@type":"WebPage","@id":"https:\/\/generativehumanae.ch\/fr\/temoignages\/","url":"https:\/\/generativehumanae.ch\/fr\/temoignages\/","name":"Ils nous font confiance - Generative Humanae","isPartOf":{"@id":"https:\/\/generativehumanae.ch\/en\/#website"},"datePublished":"2025-03-19T05:04:46+00:00","dateModified":"2025-03-21T05:39:26+00:00","breadcrumb":{"@id":"https:\/\/generativehumanae.ch\/fr\/temoignages\/#breadcrumb"},"inLanguage":"fr-FR","potentialAction":[{"@type":"ReadAction","target":["https:\/\/generativehumanae.ch\/fr\/temoignages\/"]}]},{"@type":"BreadcrumbList","@id":"https:\/\/generativehumanae.ch\/fr\/temoignages\/#breadcrumb","itemListElement":[{"@type":"ListItem","position":1,"name":"Home","item":"https:\/\/generativehumanae.ch\/fr\/"},{"@type":"ListItem","position":2,"name":"Ils nous font confiance"}]},{"@type":"WebSite","@id":"https:\/\/generativehumanae.ch\/en\/#website","url":"https:\/\/generativehumanae.ch\/en\/","name":"Generative Humanae","description":"Get inspired &amp; Inspire","potentialAction":[{"@type":"SearchAction","target":{"@type":"EntryPoint","urlTemplate":"https:\/\/generativehumanae.ch\/en\/?s={search_term_string}"},"query-input":{"@type":"PropertyValueSpecification","valueRequired":true,"valueName":"search_term_string"}}],"inLanguage":"fr-FR"}]}},"_links":{"self":[{"href":"https:\/\/generativehumanae.ch\/fr\/wp-json\/wp\/v2\/pages\/3121","targetHints":{"allow":["GET"]}}],"collection":[{"href":"https:\/\/generativehumanae.ch\/fr\/wp-json\/wp\/v2\/pages"}],"about":[{"href":"https:\/\/generativehumanae.ch\/fr\/wp-json\/wp\/v2\/types\/page"}],"author":[{"embeddable":true,"href":"https:\/\/generativehumanae.ch\/fr\/wp-json\/wp\/v2\/users\/1"}],"replies":[{"embeddable":true,"href":"https:\/\/generativehumanae.ch\/fr\/wp-json\/wp\/v2\/comments?post=3121"}],"version-history":[{"count":5,"href":"https:\/\/generativehumanae.ch\/fr\/wp-json\/wp\/v2\/pages\/3121\/revisions"}],"predecessor-version":[{"id":3155,"href":"https:\/\/generativehumanae.ch\/fr\/wp-json\/wp\/v2\/pages\/3121\/revisions\/3155"}],"wp:attachment":[{"href":"https:\/\/generativehumanae.ch\/fr\/wp-json\/wp\/v2\/media?parent=3121"}],"curies":[{"name":"wp","href":"https:\/\/api.w.org\/{rel}","templated":true}]}}