{"id":2057,"date":"2023-09-01T08:09:16","date_gmt":"2023-09-01T06:09:16","guid":{"rendered":"https:\/\/generativehumanae.ch\/?page_id=2057"},"modified":"2023-10-03T11:14:20","modified_gmt":"2023-10-03T09:14:20","slug":"conditions-dutilisation","status":"publish","type":"page","link":"https:\/\/generativehumanae.ch\/fr\/conditions-dutilisation\/","title":{"rendered":"Conditions d&rsquo;utilisation"},"content":{"rendered":"\n<div class=\"wp-block-group\"><div class=\"wp-block-group__inner-container is-layout-flow wp-block-group-is-layout-flow\">\n<p><strong>VERSION 08.2023<\/strong><\/p>\n\n\n\n<p><strong>REMARQUE G\u00c9N\u00c9RALE<\/strong><\/p>\n\n\n\n<p>En utilisant nos services, vous acceptez implicitement les pr\u00e9sentes conditions d&rsquo;utilisation de&nbsp;GenerativeHumanae.&nbsp;<\/p>\n\n\n\n<p>En vertu de l\u2019article 13 de la Constitution f\u00e9d\u00e9rale suisse et des dispositions de la Conf\u00e9d\u00e9ration relatives \u00e0 la protection des donn\u00e9es (loi f\u00e9d\u00e9rale sur la protection des donn\u00e9es, LPD), toute personne a droit \u00e0 la protection de sa vie priv\u00e9e et \u00e0 la protection contre l\u2019utilisation abusive de ses donn\u00e9es personnelles.&nbsp;GenerativeHumanae et ses fournisseurs (Google, WordPress, les entreprises qui fournissent les plugins WordPress, Glamrock Agency, Okam et l\u2019h\u00e9bergeur du site) prennent&nbsp;tr\u00e8s au s\u00e9rieux la protection de vos donn\u00e9es personnelles. Nous traitons vos donn\u00e9es personnelles de mani\u00e8re confidentielle et conform\u00e9ment aux dispositions l\u00e9gales en mati\u00e8re de protection des donn\u00e9es et \u00e0&nbsp;notre&nbsp;politique de confidentialit\u00e9.&nbsp;En tant qu\u2019utilisateur, il est de votre de devoir de lire la derni\u00e8re version de cette politique de confidentialit\u00e9.<\/p>\n\n\n\n<p>En utilisant ce site web, vous acceptez la collecte, le traitement et l\u2019utilisation des donn\u00e9es conform\u00e9ment \u00e0 la description ci-apr\u00e8s. Des donn\u00e9es, notamment les pages consult\u00e9es ou le nom du fichier appel\u00e9, la date et l\u2019heure sont stock\u00e9es sur le serveur \u00e0 des fins statistiques sans que ces donn\u00e9es soient directement li\u00e9es \u00e0 votre personne.&nbsp;<\/p>\n\n\n\n<p>En visitant et en interagissant dans nos pr\u00e9sences en ligne (par exemple le site Web, les r\u00e9seaux sociaux, la messagerie instantan\u00e9e), vous vous conformerez au code de conduite pour le comportement en ligne comme les r\u00e8gles de la n\u00e9tiquette. La publication de contributions ill\u00e9gales ou offensantes et\/ou susceptibles de faire l&rsquo;objet de poursuites est interdite. Chaque utilisateur est tenu de respecter les dispositions l\u00e9gales en vigueur (par exemple, le droit p\u00e9nal, le droit de la protection de la jeunesse, le droit des marques, le droit d&rsquo;auteur et le droit de la concurrence d\u00e9loyale). Si vous ne respectez pas ces r\u00e8gles, nous nous r\u00e9servons le droit de supprimer vos inscriptions et de vous bannir.<\/p>\n<\/div><\/div>\n\n\n\n<p><\/p>\n","protected":false},"excerpt":{"rendered":"<p>VERSION 08.2023 REMARQUE G\u00c9N\u00c9RALE En utilisant nos services, vous acceptez implicitement les pr\u00e9sentes conditions d&rsquo;utilisation de&nbsp;GenerativeHumanae.&nbsp; En vertu de l\u2019article 13 de la Constitution f\u00e9d\u00e9rale suisse et des dispositions de la Conf\u00e9d\u00e9ration relatives \u00e0 la protection des donn\u00e9es (loi f\u00e9d\u00e9rale sur la protection des donn\u00e9es, LPD), toute personne a droit \u00e0 la protection de sa [&hellip;]<\/p>\n","protected":false},"author":1,"featured_media":0,"parent":0,"menu_order":0,"comment_status":"closed","ping_status":"closed","template":"","meta":{"_acf_changed":false,"footnotes":""},"class_list":["post-2057","page","type-page","status-publish","hentry"],"acf":[],"yoast_head":"<!-- This site is optimized with the Yoast SEO plugin v24.7 - https:\/\/yoast.com\/wordpress\/plugins\/seo\/ -->\n<title>Cabinet de transformation \u00e0 taille et philosophie humaine<\/title>\n<meta name=\"description\" content=\"GenerativeHumanae aborde chaque d\u00e9fi humain, manag\u00e9rial et organisationnel sous l\u2019angle du plein potentiel et du leadership. C\u2019est la Mise en Puissance\" \/>\n<meta name=\"robots\" content=\"index, follow, max-snippet:-1, max-image-preview:large, max-video-preview:-1\" \/>\n<link rel=\"canonical\" href=\"https:\/\/generativehumanae.ch\/fr\/conditions-dutilisation\/\" \/>\n<meta property=\"og:locale\" content=\"fr_FR\" \/>\n<meta property=\"og:type\" content=\"article\" \/>\n<meta property=\"og:title\" content=\"Cabinet de transformation \u00e0 taille et philosophie humaine\" \/>\n<meta property=\"og:description\" content=\"GenerativeHumanae aborde chaque d\u00e9fi humain, manag\u00e9rial et organisationnel sous l\u2019angle du plein potentiel et du leadership. C\u2019est la Mise en Puissance\" \/>\n<meta property=\"og:url\" content=\"https:\/\/generativehumanae.ch\/fr\/conditions-dutilisation\/\" \/>\n<meta property=\"og:site_name\" content=\"Generative Humanae\" \/>\n<meta property=\"article:modified_time\" content=\"2023-10-03T09:14:20+00:00\" \/>\n<meta property=\"og:image\" content=\"https:\/\/generativehumanae.ch\/wp-content\/uploads\/2020\/12\/Pegase-Red-RVB.jpg\" \/>\n\t<meta property=\"og:image:width\" content=\"2368\" \/>\n\t<meta property=\"og:image:height\" content=\"2178\" \/>\n\t<meta property=\"og:image:type\" content=\"image\/jpeg\" \/>\n<meta name=\"twitter:card\" content=\"summary_large_image\" \/>\n<meta name=\"twitter:image\" content=\"https:\/\/generativehumanae.ch\/wp-content\/uploads\/2020\/12\/Pegase-Red-RVB.jpg\" \/>\n<meta name=\"twitter:label1\" content=\"Dur\u00e9e de lecture estim\u00e9e\" \/>\n\t<meta name=\"twitter:data1\" content=\"2 minutes\" \/>\n<script type=\"application\/ld+json\" class=\"yoast-schema-graph\">{\"@context\":\"https:\/\/schema.org\",\"@graph\":[{\"@type\":\"WebPage\",\"@id\":\"https:\/\/generativehumanae.ch\/fr\/conditions-dutilisation\/\",\"url\":\"https:\/\/generativehumanae.ch\/fr\/conditions-dutilisation\/\",\"name\":\"Cabinet de transformation \u00e0 taille et philosophie humaine\",\"isPartOf\":{\"@id\":\"https:\/\/generativehumanae.ch\/en\/#website\"},\"datePublished\":\"2023-09-01T06:09:16+00:00\",\"dateModified\":\"2023-10-03T09:14:20+00:00\",\"description\":\"GenerativeHumanae aborde chaque d\u00e9fi humain, manag\u00e9rial et organisationnel sous l\u2019angle du plein potentiel et du leadership. C\u2019est la Mise en Puissance\",\"breadcrumb\":{\"@id\":\"https:\/\/generativehumanae.ch\/fr\/conditions-dutilisation\/#breadcrumb\"},\"inLanguage\":\"fr-FR\",\"potentialAction\":[{\"@type\":\"ReadAction\",\"target\":[\"https:\/\/generativehumanae.ch\/fr\/conditions-dutilisation\/\"]}]},{\"@type\":\"BreadcrumbList\",\"@id\":\"https:\/\/generativehumanae.ch\/fr\/conditions-dutilisation\/#breadcrumb\",\"itemListElement\":[{\"@type\":\"ListItem\",\"position\":1,\"name\":\"Home\",\"item\":\"https:\/\/generativehumanae.ch\/fr\/\"},{\"@type\":\"ListItem\",\"position\":2,\"name\":\"Conditions d&rsquo;utilisation\"}]},{\"@type\":\"WebSite\",\"@id\":\"https:\/\/generativehumanae.ch\/en\/#website\",\"url\":\"https:\/\/generativehumanae.ch\/en\/\",\"name\":\"Generative Humanae\",\"description\":\"Get inspired &amp; Inspire\",\"potentialAction\":[{\"@type\":\"SearchAction\",\"target\":{\"@type\":\"EntryPoint\",\"urlTemplate\":\"https:\/\/generativehumanae.ch\/en\/?s={search_term_string}\"},\"query-input\":{\"@type\":\"PropertyValueSpecification\",\"valueRequired\":true,\"valueName\":\"search_term_string\"}}],\"inLanguage\":\"fr-FR\"}]}<\/script>\n<!-- \/ Yoast SEO plugin. -->","yoast_head_json":{"title":"Cabinet de transformation \u00e0 taille et philosophie humaine","description":"GenerativeHumanae aborde chaque d\u00e9fi humain, manag\u00e9rial et organisationnel sous l\u2019angle du plein potentiel et du leadership. C\u2019est la Mise en Puissance","robots":{"index":"index","follow":"follow","max-snippet":"max-snippet:-1","max-image-preview":"max-image-preview:large","max-video-preview":"max-video-preview:-1"},"canonical":"https:\/\/generativehumanae.ch\/fr\/conditions-dutilisation\/","og_locale":"fr_FR","og_type":"article","og_title":"Cabinet de transformation \u00e0 taille et philosophie humaine","og_description":"GenerativeHumanae aborde chaque d\u00e9fi humain, manag\u00e9rial et organisationnel sous l\u2019angle du plein potentiel et du leadership. C\u2019est la Mise en Puissance","og_url":"https:\/\/generativehumanae.ch\/fr\/conditions-dutilisation\/","og_site_name":"Generative Humanae","article_modified_time":"2023-10-03T09:14:20+00:00","og_image":[{"width":2368,"height":2178,"url":"https:\/\/generativehumanae.ch\/wp-content\/uploads\/2020\/12\/Pegase-Red-RVB.jpg","type":"image\/jpeg"}],"twitter_card":"summary_large_image","twitter_image":"https:\/\/generativehumanae.ch\/wp-content\/uploads\/2020\/12\/Pegase-Red-RVB.jpg","twitter_misc":{"Dur\u00e9e de lecture estim\u00e9e":"2 minutes"},"schema":{"@context":"https:\/\/schema.org","@graph":[{"@type":"WebPage","@id":"https:\/\/generativehumanae.ch\/fr\/conditions-dutilisation\/","url":"https:\/\/generativehumanae.ch\/fr\/conditions-dutilisation\/","name":"Cabinet de transformation \u00e0 taille et philosophie humaine","isPartOf":{"@id":"https:\/\/generativehumanae.ch\/en\/#website"},"datePublished":"2023-09-01T06:09:16+00:00","dateModified":"2023-10-03T09:14:20+00:00","description":"GenerativeHumanae aborde chaque d\u00e9fi humain, manag\u00e9rial et organisationnel sous l\u2019angle du plein potentiel et du leadership. C\u2019est la Mise en Puissance","breadcrumb":{"@id":"https:\/\/generativehumanae.ch\/fr\/conditions-dutilisation\/#breadcrumb"},"inLanguage":"fr-FR","potentialAction":[{"@type":"ReadAction","target":["https:\/\/generativehumanae.ch\/fr\/conditions-dutilisation\/"]}]},{"@type":"BreadcrumbList","@id":"https:\/\/generativehumanae.ch\/fr\/conditions-dutilisation\/#breadcrumb","itemListElement":[{"@type":"ListItem","position":1,"name":"Home","item":"https:\/\/generativehumanae.ch\/fr\/"},{"@type":"ListItem","position":2,"name":"Conditions d&rsquo;utilisation"}]},{"@type":"WebSite","@id":"https:\/\/generativehumanae.ch\/en\/#website","url":"https:\/\/generativehumanae.ch\/en\/","name":"Generative Humanae","description":"Get inspired &amp; Inspire","potentialAction":[{"@type":"SearchAction","target":{"@type":"EntryPoint","urlTemplate":"https:\/\/generativehumanae.ch\/en\/?s={search_term_string}"},"query-input":{"@type":"PropertyValueSpecification","valueRequired":true,"valueName":"search_term_string"}}],"inLanguage":"fr-FR"}]}},"_links":{"self":[{"href":"https:\/\/generativehumanae.ch\/fr\/wp-json\/wp\/v2\/pages\/2057","targetHints":{"allow":["GET"]}}],"collection":[{"href":"https:\/\/generativehumanae.ch\/fr\/wp-json\/wp\/v2\/pages"}],"about":[{"href":"https:\/\/generativehumanae.ch\/fr\/wp-json\/wp\/v2\/types\/page"}],"author":[{"embeddable":true,"href":"https:\/\/generativehumanae.ch\/fr\/wp-json\/wp\/v2\/users\/1"}],"replies":[{"embeddable":true,"href":"https:\/\/generativehumanae.ch\/fr\/wp-json\/wp\/v2\/comments?post=2057"}],"version-history":[{"count":4,"href":"https:\/\/generativehumanae.ch\/fr\/wp-json\/wp\/v2\/pages\/2057\/revisions"}],"predecessor-version":[{"id":2141,"href":"https:\/\/generativehumanae.ch\/fr\/wp-json\/wp\/v2\/pages\/2057\/revisions\/2141"}],"wp:attachment":[{"href":"https:\/\/generativehumanae.ch\/fr\/wp-json\/wp\/v2\/media?parent=2057"}],"curies":[{"name":"wp","href":"https:\/\/api.w.org\/{rel}","templated":true}]}}