{"id":2051,"date":"2023-09-01T08:02:25","date_gmt":"2023-09-01T06:02:25","guid":{"rendered":"https:\/\/generativehumanae.ch\/?page_id=2051"},"modified":"2025-01-31T12:15:38","modified_gmt":"2025-01-31T11:15:38","slug":"politique-de-confidentialite","status":"publish","type":"page","link":"https:\/\/generativehumanae.ch\/fr\/politique-de-confidentialite\/","title":{"rendered":"Politique de confidentialit\u00e9"},"content":{"rendered":"\n<div class=\"wp-block-group\"><div class=\"wp-block-group__inner-container is-layout-flow wp-block-group-is-layout-flow\">\n<p><strong>VERSION 08.2023<\/strong><\/p>\n\n\n\n<p><strong>TRAITEMENT DES DONNEES PERSONNELLES<\/strong><\/p>\n\n\n\n<p>Les donn\u00e9es personnelles d\u00e9signent l\u2019ensemble des informations qui se rapportent \u00e0 une personne identifi\u00e9e ou identifiable. Une personne concern\u00e9e est une personne \u00e0 propos de laquelle des donn\u00e9es \u00e0 caract\u00e8re personnel sont trait\u00e9es. Le traitement comprend toute manipulation de donn\u00e9es \u00e0 caract\u00e8re personnel, quels que soient les moyens et proc\u00e9dures utilis\u00e9s, notamment la conservation, la divulgation, l\u2019acquisition, la suppression, le stockage, la modification, la destruction et l\u2019utilisation de donn\u00e9es \u00e0 caract\u00e8re personnel.<br>Nous traitons les donn\u00e9es personnelles conform\u00e9ment au droit suisse de la protection des donn\u00e9es.&nbsp;<\/p>\n\n\n\n<p>Nous traitons les donn\u00e9es \u00e0 caract\u00e8re personnel pendant la dur\u00e9e n\u00e9cessaire au but ou aux buts concern\u00e9s. En cas d\u2019obligation de conservation plus longue en vertu d\u2019obligations l\u00e9gales et autres auxquelles nous sommes soumis, nous limiterons le traitement en cons\u00e9quence.<\/p>\n\n\n\n<p><strong>POLITIQUE DE CONFIDENTIALIT\u00c9 POUR LES COOKIES<\/strong><\/p>\n\n\n\n<p>Ce site web utilise des cookies. Il s\u2019agit de petits fichiers texte qui permettent de stocker sur le terminal de l\u2019utilisateur des informations sp\u00e9cifiques relatives \u00e0 l\u2019utilisateur lorsqu\u2019il consulte le site web. Les cookies permettent notamment de d\u00e9terminer la fr\u00e9quence d\u2019utilisation et le nombre d\u2019utilisateurs des pages, d\u2019en analyser le comportement, mais aussi de rendre notre offre plus ergonomique. Les cookies restent stock\u00e9s \u00e0 la fin de la session de navigation et peuvent \u00eatre \u00e0 nouveau appel\u00e9s lorsque vous consultez de nouveau le site. Si vous ne le souhaitez pas, vous devez configurer votre navigateur Internet pour qu\u2019il refuse d\u2019accepter les cookies.<\/p>\n\n\n\n<p><strong>POLITIQUE DE CONFIDENTIALIT\u00c9 POUR LE CHIFFREMENT SSL\/TLS<\/strong><\/p>\n\n\n\n<p>Ce site web utilise le chiffrement SSL\/TLS pour des raisons de s\u00e9curit\u00e9 et pour prot\u00e9ger la transmission de contenus confidentiels, tels que les demandes que vous nous envoyez en notre qualit\u00e9 d\u2019exploitation du site. Une connexion chiffr\u00e9e est reconnaissable \u00e0 la barre d\u2019adresse du navigateur qui passe de \u00abhttp:\/\/\u00bb \u00e0 \u00abhttps:\/\/\u00bb et au symbole de cadenas \u00e0 ce m\u00eame endroit.<br>Si le chiffrement SSL ou TLS est activ\u00e9, les donn\u00e9es que vous nous transmettez ne peuvent pas \u00eatre lues par des&nbsp;tiers.<\/p>\n\n\n\n<p><strong>SERVICES DE&nbsp;TIERS<\/strong><\/p>\n\n\n\n<p>Ce site web peut utiliser Google Maps pour l\u2019int\u00e9gration de cartes, Google Invisible reCAPTCHA pour la protection contre les robots et le spam et YouTube pour l\u2019int\u00e9gration de vid\u00e9os.<br>Ces services de la soci\u00e9t\u00e9 am\u00e9ricaine Google LLC utilisent entre autres des cookies et, par cons\u00e9quent, des donn\u00e9es sont transmises \u00e0 Google aux Etats-Unis. Nous partons du principe que, dans ce contexte, aucun suivi personnel n\u2019est effectu\u00e9 uniquement par l\u2019utilisation de notre site web.<br>Google s\u2019engage \u00e0 assurer un niveau ad\u00e9quat de protection des donn\u00e9es conform\u00e9ment aux normes am\u00e9ricaines, europ\u00e9ennes et am\u00e9ricano-suisses de protection de la vie priv\u00e9e (bouclier de protection des donn\u00e9es).<\/p>\n\n\n\n<p><strong>POLITIQUE DE CONFIDENTIALIT\u00c9 RELATIVE AU DROIT \u00c0 L\u2019INFORMATION, \u00c0 LA SUPPRESSION, ET AU BLOCAGE<\/strong><\/p>\n\n\n\n<p>Vous disposez d\u2019un droit de r\u00e9ception, gratuitement et \u00e0 tout moment, des informations sur les donn\u00e9es \u00e0 caract\u00e8re personnel que vous avez enregistr\u00e9es, sur leur origine et leurs destinataires et sur la finalit\u00e9 du traitement des donn\u00e9es, ainsi que d\u2019un droit de rectification, de blocage ou de suppression de ces donn\u00e9es. A cette fin, ainsi que pour toute autre question relative aux donn\u00e9es \u00e0 caract\u00e8re personnel, vous pouvez nous contacter \u00e0 tout moment \u00e0 l\u2019adresse&nbsp;email suivante&nbsp;<a href=\"mailto:contact@generativehumanae.ch\">contact@generativehumanae.ch<\/a>.<\/p>\n\n\n\n<p><strong>POLITIQUE DE CONFIDENTIALIT\u00c9 POUR GOOGLE ANALYTICS<\/strong><\/p>\n\n\n\n<p>Ce site web utilise Google Analytics, un service d\u2019analyse web fourni par Google LLC, 1600 Amphitheatre Parkway, Mountain View, CA 94043, USA (\u00abGoogle\u00bb). Gr\u00e2ce aux statistiques collect\u00e9es, nous pouvons am\u00e9liorer notre offre et la rendre plus int\u00e9ressante pour l\u2019utilisateur que vous \u00eates. Ce site utilise \u00e9galement Google Analytics pour analyser les flux de visiteurs ind\u00e9pendamment des appareils utilis\u00e9s, une op\u00e9ration effectu\u00e9e \u00e0 l\u2019aide d\u2019un identifiant utilisateur.&nbsp;<\/p>\n\n\n\n<p>Vous pouvez refuser l\u2019utilisation de cookies en s\u00e9lectionnant le param\u00e8tre correspondant dans votre navigateur. Veuillez toutefois noter que ce faisant, vous risquez de ne pas pouvoir utiliser toutes les fonctionnalit\u00e9s de ce site web. Vous pouvez \u00e9galement emp\u00eacher la collecte par Google des donn\u00e9es g\u00e9n\u00e9r\u00e9es par le cookie et li\u00e9es \u00e0 votre utilisation du site (y compris votre adresse IP) et le traitement de ces donn\u00e9es par Google en t\u00e9l\u00e9chargeant et en installant le plug-in de navigateur disponible via ce lien:&nbsp;<a href=\"https:\/\/tools.google.com\/dlpage\/gaoptout\">https:\/\/tools.google.com\/dlpage\/gaoptout<\/a>.<\/p>\n\n\n\n<p><strong>GOOGLE TAG MANAGER<\/strong><\/p>\n\n\n\n<p>Google Tag Manager est une solution nous permettant de g\u00e9rer les \u00abbalises de site web\u00bb via une interface et ainsi int\u00e9grer par exemple Google Analytics et d\u2019autres services de marketing de Google \u00e0 notre offre en ligne. Le Tag Manager lui-m\u00eame, qui int\u00e8gre les balises, ne traite aucune donn\u00e9e \u00e0 caract\u00e8re personnel de l\u2019utilisateur. S\u2019agissant du traitement des donn\u00e9es \u00e0 caract\u00e8re personnel des utilisateurs, il est fait r\u00e9f\u00e9rence aux informations suivantes sur les services de Google. R\u00e8gles d\u2019utilisation:&nbsp;<a href=\"http:\/\/www.google.com\/intl\/fr\/tagmanager\/use-policy.html\">www.google.com\/intl\/fr\/tagmanager\/use-policy.html<\/a>.<\/p>\n\n\n\n<p><strong>POLITIQUE DE CONFIDENTIALIT\u00c9 POUR YOUTUBE<\/strong><\/p>\n\n\n\n<p>Ce site web utilise des plug-ins de la page YouTube exploit\u00e9e par Google. L\u2019exploitant des pages est YouTube, LLC, 901 Cherry Ave., San Bruno, CA 94066, USA. Lorsque vous visitez l\u2019un de nos sites dot\u00e9s d\u2019un plug-in YouTube, une connexion aux serveurs YouTube est \u00e9tablie. Elle indique au serveur YouTube les pages de notre site que vous avez consult\u00e9es. Si vous \u00eates connect\u00e9 \u00e0 votre compte YouTube, vous autorisez YouTube \u00e0 attribuer votre navigation directement \u00e0 votre profil personnel. Vous pouvez emp\u00eacher cela en vous d\u00e9connectant de votre compte YouTube. Des informations suppl\u00e9mentaires relatives \u00e0 la gestion des donn\u00e9es utilisateur sont disponibles dans la politique de confidentialit\u00e9 de YouTube:&nbsp;<a href=\"http:\/\/www.google.fr\/intl\/fr\/policies\/privacy\">www.google.fr\/intl\/fr\/policies\/privacy<\/a>.<\/p>\n\n\n\n<p><strong>LIENS VERS LES SITES DE TIERS<\/strong><\/p>\n\n\n\n<p>Nous pouvons&nbsp;fournir des liens vers les sites Web de tiers ou vers des informations de tiers, \u00e0 titre de service \u00e0 l\u2019attention de nos utilisateurs. Si vous utilisez ces liens, vous quittez&nbsp;notre site. Ces liens ne constituent pas et n\u2019impliquent pas&nbsp;de notre part&nbsp;une approbation, une commandite ou une recommandation du tiers, du site Web tiers ou des informations qui y sont contenues, et&nbsp;nous&nbsp;rejettons&nbsp;toute responsabilit\u00e9 concernant l\u2019utilisation que vous en faites. Cette utilisation est soumise aux conditions d\u2019utilisation et aux politiques de confidentialit\u00e9 applicables \u00e0 ces sites.<\/p>\n\n\n\n<p><strong>MODIFICATION<\/strong><\/p>\n\n\n\n<p>Nous sommes susceptibles de modifier sans pr\u00e9avis la pr\u00e9sente politique de confidentialit\u00e9. La version actuellement publi\u00e9e sur notre site web s\u2019applique.&nbsp;En tant qu\u2019utilisateur, il est de votre devoir de lire la derni\u00e8re version de notre politique de confidentialit\u00e9.<\/p>\n\n\n\n<p><strong>QUESTION AU D\u00c9L\u00c9GU\u00c9 \u00c0 LA PROTECTION DES DONN\u00c9ES<\/strong><\/p>\n\n\n\n<p>Si vous avez des questions concernant la protection de la confidentialit\u00e9, veuillez nous \u00e9crire&nbsp;\u00e0 &nbsp;l\u2019e\u2011mail&nbsp;<a href=\"mailto:contact@generativehumanae.ch\">contact@generativehumanae.ch<\/a><\/p>\n<\/div><\/div>\n\n\n\n<p><\/p>\n","protected":false},"excerpt":{"rendered":"<p>VERSION 08.2023 TRAITEMENT DES DONNEES PERSONNELLES Les donn\u00e9es personnelles d\u00e9signent l\u2019ensemble des informations qui se rapportent \u00e0 une personne identifi\u00e9e ou identifiable. Une personne concern\u00e9e est une personne \u00e0 propos de laquelle des donn\u00e9es \u00e0 caract\u00e8re personnel sont trait\u00e9es. Le traitement comprend toute manipulation de donn\u00e9es \u00e0 caract\u00e8re personnel, quels que soient les moyens et [&hellip;]<\/p>\n","protected":false},"author":1,"featured_media":0,"parent":0,"menu_order":0,"comment_status":"closed","ping_status":"closed","template":"templates\/template_helpful_default.php","meta":{"_acf_changed":false,"footnotes":""},"class_list":["post-2051","page","type-page","status-publish","hentry"],"acf":[],"yoast_head":"<!-- This site is optimized with the Yoast SEO plugin v24.7 - https:\/\/yoast.com\/wordpress\/plugins\/seo\/ -->\n<title>Cabinet de transformation \u00e0 taille et philosophie humaine<\/title>\n<meta name=\"description\" content=\"GenerativeHumanae aborde chaque d\u00e9fi humain, manag\u00e9rial et organisationnel sous l\u2019angle du plein potentiel et du leadership. C\u2019est la Mise en Puissance\" \/>\n<meta name=\"robots\" content=\"index, follow, max-snippet:-1, max-image-preview:large, max-video-preview:-1\" \/>\n<link rel=\"canonical\" href=\"https:\/\/generativehumanae.ch\/fr\/politique-de-confidentialite\/\" \/>\n<meta property=\"og:locale\" content=\"fr_FR\" \/>\n<meta property=\"og:type\" content=\"article\" \/>\n<meta property=\"og:title\" content=\"Cabinet de transformation \u00e0 taille et philosophie humaine\" \/>\n<meta property=\"og:description\" content=\"GenerativeHumanae aborde chaque d\u00e9fi humain, manag\u00e9rial et organisationnel sous l\u2019angle du plein potentiel et du leadership. C\u2019est la Mise en Puissance\" \/>\n<meta property=\"og:url\" content=\"https:\/\/generativehumanae.ch\/fr\/politique-de-confidentialite\/\" \/>\n<meta property=\"og:site_name\" content=\"Generative Humanae\" \/>\n<meta property=\"article:modified_time\" content=\"2025-01-31T11:15:38+00:00\" \/>\n<meta property=\"og:image\" content=\"https:\/\/generativehumanae.ch\/wp-content\/uploads\/2020\/12\/Pegase-Red-RVB.jpg\" \/>\n\t<meta property=\"og:image:width\" content=\"2368\" \/>\n\t<meta property=\"og:image:height\" content=\"2178\" \/>\n\t<meta property=\"og:image:type\" content=\"image\/jpeg\" \/>\n<meta name=\"twitter:card\" content=\"summary_large_image\" \/>\n<meta name=\"twitter:image\" content=\"https:\/\/generativehumanae.ch\/wp-content\/uploads\/2020\/12\/Pegase-Red-RVB.jpg\" \/>\n<meta name=\"twitter:label1\" content=\"Dur\u00e9e de lecture estim\u00e9e\" \/>\n\t<meta name=\"twitter:data1\" content=\"6 minutes\" \/>\n<script type=\"application\/ld+json\" class=\"yoast-schema-graph\">{\"@context\":\"https:\/\/schema.org\",\"@graph\":[{\"@type\":\"WebPage\",\"@id\":\"https:\/\/generativehumanae.ch\/fr\/politique-de-confidentialite\/\",\"url\":\"https:\/\/generativehumanae.ch\/fr\/politique-de-confidentialite\/\",\"name\":\"Cabinet de transformation \u00e0 taille et philosophie humaine\",\"isPartOf\":{\"@id\":\"https:\/\/generativehumanae.ch\/en\/#website\"},\"datePublished\":\"2023-09-01T06:02:25+00:00\",\"dateModified\":\"2025-01-31T11:15:38+00:00\",\"description\":\"GenerativeHumanae aborde chaque d\u00e9fi humain, manag\u00e9rial et organisationnel sous l\u2019angle du plein potentiel et du leadership. C\u2019est la Mise en Puissance\",\"breadcrumb\":{\"@id\":\"https:\/\/generativehumanae.ch\/fr\/politique-de-confidentialite\/#breadcrumb\"},\"inLanguage\":\"fr-FR\",\"potentialAction\":[{\"@type\":\"ReadAction\",\"target\":[\"https:\/\/generativehumanae.ch\/fr\/politique-de-confidentialite\/\"]}]},{\"@type\":\"BreadcrumbList\",\"@id\":\"https:\/\/generativehumanae.ch\/fr\/politique-de-confidentialite\/#breadcrumb\",\"itemListElement\":[{\"@type\":\"ListItem\",\"position\":1,\"name\":\"Home\",\"item\":\"https:\/\/generativehumanae.ch\/fr\/\"},{\"@type\":\"ListItem\",\"position\":2,\"name\":\"Politique de confidentialit\u00e9\"}]},{\"@type\":\"WebSite\",\"@id\":\"https:\/\/generativehumanae.ch\/en\/#website\",\"url\":\"https:\/\/generativehumanae.ch\/en\/\",\"name\":\"Generative Humanae\",\"description\":\"Get inspired &amp; Inspire\",\"potentialAction\":[{\"@type\":\"SearchAction\",\"target\":{\"@type\":\"EntryPoint\",\"urlTemplate\":\"https:\/\/generativehumanae.ch\/en\/?s={search_term_string}\"},\"query-input\":{\"@type\":\"PropertyValueSpecification\",\"valueRequired\":true,\"valueName\":\"search_term_string\"}}],\"inLanguage\":\"fr-FR\"}]}<\/script>\n<!-- \/ Yoast SEO plugin. -->","yoast_head_json":{"title":"Cabinet de transformation \u00e0 taille et philosophie humaine","description":"GenerativeHumanae aborde chaque d\u00e9fi humain, manag\u00e9rial et organisationnel sous l\u2019angle du plein potentiel et du leadership. C\u2019est la Mise en Puissance","robots":{"index":"index","follow":"follow","max-snippet":"max-snippet:-1","max-image-preview":"max-image-preview:large","max-video-preview":"max-video-preview:-1"},"canonical":"https:\/\/generativehumanae.ch\/fr\/politique-de-confidentialite\/","og_locale":"fr_FR","og_type":"article","og_title":"Cabinet de transformation \u00e0 taille et philosophie humaine","og_description":"GenerativeHumanae aborde chaque d\u00e9fi humain, manag\u00e9rial et organisationnel sous l\u2019angle du plein potentiel et du leadership. C\u2019est la Mise en Puissance","og_url":"https:\/\/generativehumanae.ch\/fr\/politique-de-confidentialite\/","og_site_name":"Generative Humanae","article_modified_time":"2025-01-31T11:15:38+00:00","og_image":[{"width":2368,"height":2178,"url":"https:\/\/generativehumanae.ch\/wp-content\/uploads\/2020\/12\/Pegase-Red-RVB.jpg","type":"image\/jpeg"}],"twitter_card":"summary_large_image","twitter_image":"https:\/\/generativehumanae.ch\/wp-content\/uploads\/2020\/12\/Pegase-Red-RVB.jpg","twitter_misc":{"Dur\u00e9e de lecture estim\u00e9e":"6 minutes"},"schema":{"@context":"https:\/\/schema.org","@graph":[{"@type":"WebPage","@id":"https:\/\/generativehumanae.ch\/fr\/politique-de-confidentialite\/","url":"https:\/\/generativehumanae.ch\/fr\/politique-de-confidentialite\/","name":"Cabinet de transformation \u00e0 taille et philosophie humaine","isPartOf":{"@id":"https:\/\/generativehumanae.ch\/en\/#website"},"datePublished":"2023-09-01T06:02:25+00:00","dateModified":"2025-01-31T11:15:38+00:00","description":"GenerativeHumanae aborde chaque d\u00e9fi humain, manag\u00e9rial et organisationnel sous l\u2019angle du plein potentiel et du leadership. C\u2019est la Mise en Puissance","breadcrumb":{"@id":"https:\/\/generativehumanae.ch\/fr\/politique-de-confidentialite\/#breadcrumb"},"inLanguage":"fr-FR","potentialAction":[{"@type":"ReadAction","target":["https:\/\/generativehumanae.ch\/fr\/politique-de-confidentialite\/"]}]},{"@type":"BreadcrumbList","@id":"https:\/\/generativehumanae.ch\/fr\/politique-de-confidentialite\/#breadcrumb","itemListElement":[{"@type":"ListItem","position":1,"name":"Home","item":"https:\/\/generativehumanae.ch\/fr\/"},{"@type":"ListItem","position":2,"name":"Politique de confidentialit\u00e9"}]},{"@type":"WebSite","@id":"https:\/\/generativehumanae.ch\/en\/#website","url":"https:\/\/generativehumanae.ch\/en\/","name":"Generative Humanae","description":"Get inspired &amp; Inspire","potentialAction":[{"@type":"SearchAction","target":{"@type":"EntryPoint","urlTemplate":"https:\/\/generativehumanae.ch\/en\/?s={search_term_string}"},"query-input":{"@type":"PropertyValueSpecification","valueRequired":true,"valueName":"search_term_string"}}],"inLanguage":"fr-FR"}]}},"_links":{"self":[{"href":"https:\/\/generativehumanae.ch\/fr\/wp-json\/wp\/v2\/pages\/2051","targetHints":{"allow":["GET"]}}],"collection":[{"href":"https:\/\/generativehumanae.ch\/fr\/wp-json\/wp\/v2\/pages"}],"about":[{"href":"https:\/\/generativehumanae.ch\/fr\/wp-json\/wp\/v2\/types\/page"}],"author":[{"embeddable":true,"href":"https:\/\/generativehumanae.ch\/fr\/wp-json\/wp\/v2\/users\/1"}],"replies":[{"embeddable":true,"href":"https:\/\/generativehumanae.ch\/fr\/wp-json\/wp\/v2\/comments?post=2051"}],"version-history":[{"count":5,"href":"https:\/\/generativehumanae.ch\/fr\/wp-json\/wp\/v2\/pages\/2051\/revisions"}],"predecessor-version":[{"id":2142,"href":"https:\/\/generativehumanae.ch\/fr\/wp-json\/wp\/v2\/pages\/2051\/revisions\/2142"}],"wp:attachment":[{"href":"https:\/\/generativehumanae.ch\/fr\/wp-json\/wp\/v2\/media?parent=2051"}],"curies":[{"name":"wp","href":"https:\/\/api.w.org\/{rel}","templated":true}]}}