{"id":15,"date":"2020-03-26T09:45:52","date_gmt":"2020-03-26T08:45:52","guid":{"rendered":"https:\/\/generativehumanae.ch\/?page_id=15"},"modified":"2025-03-18T11:28:05","modified_gmt":"2025-03-18T10:28:05","slug":"contact","status":"publish","type":"page","link":"https:\/\/generativehumanae.ch\/fr\/contact\/","title":{"rendered":"Contact"},"content":{"rendered":"<section id=\"contact-us\" class=\"container contact-section wow animate__fadeInUp \" data-wow-duration=\"1s\">\n\t<div class=\"form-column\">\n\t\t<div class=\"form-container\">\n\t\t\t<h2 class=\"contact-header\"><\/h2>\n\t\t\t<p class=\"contact-subheader\">Discutons ensemble de votre besoin.<\/p>\n            \n<div class=\"wpcf7 no-js\" id=\"wpcf7-f2695-o1\" lang=\"en-US\" dir=\"ltr\" data-wpcf7-id=\"2695\">\n<div class=\"screen-reader-response\"><p role=\"status\" aria-live=\"polite\" aria-atomic=\"true\"><\/p> <ul><\/ul><\/div>\n<form action=\"\/fr\/wp-json\/wp\/v2\/pages\/15#wpcf7-f2695-o1\" method=\"post\" class=\"wpcf7-form init\" aria-label=\"Contact form\" novalidate=\"novalidate\" data-status=\"init\">\n<div style=\"display: none;\">\n<input type=\"hidden\" name=\"_wpcf7\" value=\"2695\" \/>\n<input type=\"hidden\" name=\"_wpcf7_version\" value=\"6.0.5\" \/>\n<input type=\"hidden\" name=\"_wpcf7_locale\" value=\"en_US\" \/>\n<input type=\"hidden\" name=\"_wpcf7_unit_tag\" value=\"wpcf7-f2695-o1\" \/>\n<input type=\"hidden\" name=\"_wpcf7_container_post\" value=\"0\" \/>\n<input type=\"hidden\" name=\"_wpcf7_posted_data_hash\" value=\"\" \/>\n<input type=\"hidden\" name=\"_wpcf7_recaptcha_response\" value=\"\" \/>\n<\/div>\n<div class=\"form-fields\">\n\t<p><label for=\"name\" class=\"visually-hidden\">Nom<\/label><br \/>\n<span class=\"wpcf7-form-control-wrap\" data-name=\"name\"><input size=\"40\" maxlength=\"400\" class=\"wpcf7-form-control wpcf7-text wpcf7-validates-as-required input-field\" id=\"name\" autocomplete=\"name\" aria-required=\"true\" aria-invalid=\"false\" placeholder=\"Nom\" value=\"\" type=\"text\" name=\"name\" \/><\/span>\n\t<\/p>\n\t<p><label for=\"firstname\" class=\"visually-hidden\">Pr\u00e9nom<\/label><br \/>\n<span class=\"wpcf7-form-control-wrap\" data-name=\"firstname\"><input size=\"40\" maxlength=\"400\" class=\"wpcf7-form-control wpcf7-text wpcf7-validates-as-required input-field\" id=\"firstname\" autocomplete=\"firstname\" aria-required=\"true\" aria-invalid=\"false\" placeholder=\"Pr\u00e9nom\" value=\"\" type=\"text\" name=\"firstname\" \/><\/span>\n\t<\/p>\n\t<p><label for=\"email-303\" class=\"visually-hidden\">E-mail<\/label><br \/>\n<span class=\"wpcf7-form-control-wrap\" data-name=\"email-303\"><input size=\"40\" maxlength=\"400\" class=\"wpcf7-form-control wpcf7-email wpcf7-validates-as-required wpcf7-text wpcf7-validates-as-email input-field\" id=\"email\" autocomplete=\"email-303\" aria-required=\"true\" aria-invalid=\"false\" placeholder=\"E-mail\" value=\"\" type=\"email\" name=\"email-303\" \/><\/span>\n\t<\/p>\n<\/div>\n<div class=\"message-wrapper\">\n\t<p><label for=\"your-message\" class=\"visually-hidden\">Votre message<\/label><br \/>\n<span class=\"wpcf7-form-control-wrap\" data-name=\"your-message\"><textarea cols=\"40\" rows=\"10\" maxlength=\"2000\" class=\"wpcf7-form-control wpcf7-textarea input-field\" id=\"message\" aria-invalid=\"false\" placeholder=\"Votre message\" name=\"your-message\"><\/textarea><\/span>\n\t<\/p>\n<\/div>\n<div class=\"submit-wrapper\">\n\t<p><input class=\"wpcf7-form-control wpcf7-submit has-spinner contact-button submit-button\" type=\"submit\" value=\"Envoyer\" \/>\n\t<\/p>\n<\/div><div class=\"wpcf7-response-output\" aria-hidden=\"true\"><\/div>\n<\/form>\n<\/div>\n\t\t<\/div>\n\t<\/div>\n<\/section>\n\n\n\n<h2 class=\"wp-block-heading\">Nos coordonn\u00e9es<\/h2>\n\n\n\n<p><\/p>\n\n\n\n<p>Toute l\u2019\u00e9quipe se fait un plaisir de vous accueillir dans notre cabinet au c\u0153ur de Lausanne, \u00e0 5 minutes \u00e0 pieds de la gare.<\/p>\n\n\n\n<p>Le parking le plus proche est le parking Bellefontaine \u00e0 la Rue Belle-Fontaine 3.<\/p>\n\n\n\n<div class=\"wp-block-columns is-layout-flex wp-container-core-columns-is-layout-1 wp-block-columns-is-layout-flex\">\n<div class=\"wp-block-column is-layout-flow wp-block-column-is-layout-flow\">\n<p><strong>GenerativeHumanae<\/strong><br>Rue Beau-S\u00e9jour 10<br>1003 Lausanne<\/p>\n\n\n\n<p>t : <a href=\"tel:+41213110460\">+41 21 311 04 60<\/a><br>email&nbsp;:&nbsp;<a href=\"mailto:contact@generativehumanae.ch\">contact@generativehumanae.ch<\/a><\/p>\n<\/div>\n\n\n\n<div class=\"wp-block-column is-layout-flow wp-block-column-is-layout-flow\"><div class=\"wp-block-image is-resized\">\n<figure class=\"alignleft size-large\"><img loading=\"lazy\" decoding=\"async\" width=\"1024\" height=\"576\" src=\"https:\/\/generativehumanae.ch\/wp-content\/uploads\/2020\/12\/DSC01342-1-1024x576.jpg\" alt=\"\" class=\"wp-image-788\" srcset=\"https:\/\/generativehumanae.ch\/wp-content\/uploads\/2020\/12\/DSC01342-1-1024x576.jpg 1024w, https:\/\/generativehumanae.ch\/wp-content\/uploads\/2020\/12\/DSC01342-1-300x169.jpg 300w, https:\/\/generativehumanae.ch\/wp-content\/uploads\/2020\/12\/DSC01342-1-768x432.jpg 768w, https:\/\/generativehumanae.ch\/wp-content\/uploads\/2020\/12\/DSC01342-1-1600x900.jpg 1600w, https:\/\/generativehumanae.ch\/wp-content\/uploads\/2020\/12\/DSC01342-1-1536x864.jpg 1536w, https:\/\/generativehumanae.ch\/wp-content\/uploads\/2020\/12\/DSC01342-1-2048x1152.jpg 2048w\" sizes=\"auto, (max-width: 1024px) 100vw, 1024px\" \/><\/figure><\/div><\/div>\n\n\n\n<div class=\"wp-block-column is-layout-flow wp-block-column-is-layout-flow\"><div class=\"wp-block-image is-resized\">\n<figure class=\"alignleft size-large\"><img loading=\"lazy\" decoding=\"async\" width=\"1024\" height=\"576\" src=\"https:\/\/generativehumanae.ch\/wp-content\/uploads\/2020\/12\/DSC01204-1024x576.jpg\" alt=\"\" class=\"wp-image-782\" srcset=\"https:\/\/generativehumanae.ch\/wp-content\/uploads\/2020\/12\/DSC01204-1024x576.jpg 1024w, https:\/\/generativehumanae.ch\/wp-content\/uploads\/2020\/12\/DSC01204-300x169.jpg 300w, https:\/\/generativehumanae.ch\/wp-content\/uploads\/2020\/12\/DSC01204-768x432.jpg 768w, https:\/\/generativehumanae.ch\/wp-content\/uploads\/2020\/12\/DSC01204-1600x900.jpg 1600w, https:\/\/generativehumanae.ch\/wp-content\/uploads\/2020\/12\/DSC01204-1536x864.jpg 1536w, https:\/\/generativehumanae.ch\/wp-content\/uploads\/2020\/12\/DSC01204-2048x1152.jpg 2048w\" sizes=\"auto, (max-width: 1024px) 100vw, 1024px\" \/><\/figure><\/div><\/div>\n<\/div>\n\n\n\n<div class=\"wp-block-group\"><div class=\"wp-block-group__inner-container is-layout-flow wp-block-group-is-layout-flow\">\n<div class=\"wp-block-columns is-layout-flex wp-container-core-columns-is-layout-2 wp-block-columns-is-layout-flex\">\n<div class=\"wp-block-column is-layout-flow wp-block-column-is-layout-flow\" style=\"flex-basis:25%\"><\/div>\n\n\n\n<div class=\"wp-block-column is-layout-flow wp-block-column-is-layout-flow\"><\/div>\n<\/div>\n<\/div><\/div>\n\n\n\n<div style=\"height:50px\" aria-hidden=\"true\" class=\"wp-block-spacer\"><\/div>\n\n\n\n<iframe loading=\"lazy\" src=\"https:\/\/www.google.com\/maps\/embed?pb=!1m18!1m12!1m3!1d1372.7548535510882!2d6.635009564328087!3d46.517814797003126!2m3!1f0!2f0!3f0!3m2!1i1024!2i768!4f13.1!3m3!1m2!1s0x478c2e34bb635da1%3A0xc7b22ecea56e678e!2sRue%20Beau-S%C3%A9jour%2C%201003%20Lausanne%2C%20Switzerland!5e0!3m2!1sen!2sru!4v1585800457707!5m2!1sen!2sru\" width=\"100%\" height=\"545\" allowfullscreen=\"\" frameborder=\"0\" style=\"border:0;\"><\/iframe>\n\n\n\n<p><\/p>\n","protected":false},"excerpt":{"rendered":"<p>Nos coordonn\u00e9es Toute l\u2019\u00e9quipe se fait un plaisir de vous accueillir dans notre cabinet au c\u0153ur de Lausanne, \u00e0 5 minutes \u00e0 pieds de la gare. Le parking le plus proche est le parking Bellefontaine \u00e0 la Rue Belle-Fontaine 3. GenerativeHumanaeRue Beau-S\u00e9jour 101003 Lausanne t : +41 21 311 04 60email&nbsp;:&nbsp;contact@generativehumanae.ch<\/p>\n","protected":false},"author":1,"featured_media":794,"parent":0,"menu_order":0,"comment_status":"closed","ping_status":"closed","template":"templates\/template_helpful_default.php","meta":{"_acf_changed":false,"footnotes":""},"class_list":["post-15","page","type-page","status-publish","has-post-thumbnail","hentry"],"acf":[],"yoast_head":"<!-- This site is optimized with the Yoast SEO plugin v24.7 - https:\/\/yoast.com\/wordpress\/plugins\/seo\/ -->\n<title>Notre cabinet de transformation | Dirigez vos \u00e9quipes et carri\u00e8re<\/title>\n<meta name=\"description\" content=\"Le cabinet GenerativeHumanae, des experts et pionniers dans la Mise en Puissance de l\u2019organisation, de l\u2019\u00e9quipe et de l\u2019individu - coaching de carri\u00e8re\" \/>\n<meta name=\"robots\" content=\"index, follow, max-snippet:-1, max-image-preview:large, max-video-preview:-1\" \/>\n<link rel=\"canonical\" href=\"https:\/\/generativehumanae.ch\/fr\/contact\/\" \/>\n<meta property=\"og:locale\" content=\"fr_FR\" \/>\n<meta property=\"og:type\" content=\"article\" \/>\n<meta property=\"og:title\" content=\"Notre cabinet de transformation | Dirigez vos \u00e9quipes et carri\u00e8re\" \/>\n<meta property=\"og:description\" content=\"Le cabinet GenerativeHumanae, des experts et pionniers dans la Mise en Puissance de l\u2019organisation, de l\u2019\u00e9quipe et de l\u2019individu - coaching de carri\u00e8re\" \/>\n<meta property=\"og:url\" content=\"https:\/\/generativehumanae.ch\/fr\/contact\/\" \/>\n<meta property=\"og:site_name\" content=\"Generative Humanae\" \/>\n<meta property=\"article:modified_time\" content=\"2025-03-18T10:28:05+00:00\" \/>\n<meta property=\"og:image\" content=\"https:\/\/generativehumanae.ch\/wp-content\/uploads\/2020\/12\/Pegase-Red-RVB.jpg\" \/>\n\t<meta property=\"og:image:width\" content=\"2368\" \/>\n\t<meta property=\"og:image:height\" content=\"2178\" \/>\n\t<meta property=\"og:image:type\" content=\"image\/jpeg\" \/>\n<meta name=\"twitter:card\" content=\"summary_large_image\" \/>\n<meta name=\"twitter:image\" content=\"https:\/\/generativehumanae.ch\/wp-content\/uploads\/2020\/12\/Pegase-Red-RVB.jpg\" \/>\n<script type=\"application\/ld+json\" class=\"yoast-schema-graph\">{\"@context\":\"https:\/\/schema.org\",\"@graph\":[{\"@type\":\"WebPage\",\"@id\":\"https:\/\/generativehumanae.ch\/fr\/contact\/\",\"url\":\"https:\/\/generativehumanae.ch\/fr\/contact\/\",\"name\":\"Notre cabinet de transformation | Dirigez vos \u00e9quipes et carri\u00e8re\",\"isPartOf\":{\"@id\":\"https:\/\/generativehumanae.ch\/en\/#website\"},\"primaryImageOfPage\":{\"@id\":\"https:\/\/generativehumanae.ch\/fr\/contact\/#primaryimage\"},\"image\":{\"@id\":\"https:\/\/generativehumanae.ch\/fr\/contact\/#primaryimage\"},\"thumbnailUrl\":\"https:\/\/generativehumanae.ch\/wp-content\/uploads\/2020\/12\/DSC01349_PPT.jpg\",\"datePublished\":\"2020-03-26T08:45:52+00:00\",\"dateModified\":\"2025-03-18T10:28:05+00:00\",\"description\":\"Le cabinet GenerativeHumanae, des experts et pionniers dans la Mise en Puissance de l\u2019organisation, de l\u2019\u00e9quipe et de l\u2019individu - coaching de carri\u00e8re\",\"breadcrumb\":{\"@id\":\"https:\/\/generativehumanae.ch\/fr\/contact\/#breadcrumb\"},\"inLanguage\":\"fr-FR\",\"potentialAction\":[{\"@type\":\"ReadAction\",\"target\":[\"https:\/\/generativehumanae.ch\/fr\/contact\/\"]}]},{\"@type\":\"ImageObject\",\"inLanguage\":\"fr-FR\",\"@id\":\"https:\/\/generativehumanae.ch\/fr\/contact\/#primaryimage\",\"url\":\"https:\/\/generativehumanae.ch\/wp-content\/uploads\/2020\/12\/DSC01349_PPT.jpg\",\"contentUrl\":\"https:\/\/generativehumanae.ch\/wp-content\/uploads\/2020\/12\/DSC01349_PPT.jpg\",\"width\":2497,\"height\":1221},{\"@type\":\"BreadcrumbList\",\"@id\":\"https:\/\/generativehumanae.ch\/fr\/contact\/#breadcrumb\",\"itemListElement\":[{\"@type\":\"ListItem\",\"position\":1,\"name\":\"Home\",\"item\":\"https:\/\/generativehumanae.ch\/fr\/\"},{\"@type\":\"ListItem\",\"position\":2,\"name\":\"Contact\"}]},{\"@type\":\"WebSite\",\"@id\":\"https:\/\/generativehumanae.ch\/en\/#website\",\"url\":\"https:\/\/generativehumanae.ch\/en\/\",\"name\":\"Generative Humanae\",\"description\":\"Get inspired &amp; Inspire\",\"potentialAction\":[{\"@type\":\"SearchAction\",\"target\":{\"@type\":\"EntryPoint\",\"urlTemplate\":\"https:\/\/generativehumanae.ch\/en\/?s={search_term_string}\"},\"query-input\":{\"@type\":\"PropertyValueSpecification\",\"valueRequired\":true,\"valueName\":\"search_term_string\"}}],\"inLanguage\":\"fr-FR\"}]}<\/script>\n<!-- \/ Yoast SEO plugin. -->","yoast_head_json":{"title":"Notre cabinet de transformation | Dirigez vos \u00e9quipes et carri\u00e8re","description":"Le cabinet GenerativeHumanae, des experts et pionniers dans la Mise en Puissance de l\u2019organisation, de l\u2019\u00e9quipe et de l\u2019individu - coaching de carri\u00e8re","robots":{"index":"index","follow":"follow","max-snippet":"max-snippet:-1","max-image-preview":"max-image-preview:large","max-video-preview":"max-video-preview:-1"},"canonical":"https:\/\/generativehumanae.ch\/fr\/contact\/","og_locale":"fr_FR","og_type":"article","og_title":"Notre cabinet de transformation | Dirigez vos \u00e9quipes et carri\u00e8re","og_description":"Le cabinet GenerativeHumanae, des experts et pionniers dans la Mise en Puissance de l\u2019organisation, de l\u2019\u00e9quipe et de l\u2019individu - coaching de carri\u00e8re","og_url":"https:\/\/generativehumanae.ch\/fr\/contact\/","og_site_name":"Generative Humanae","article_modified_time":"2025-03-18T10:28:05+00:00","og_image":[{"width":2368,"height":2178,"url":"https:\/\/generativehumanae.ch\/wp-content\/uploads\/2020\/12\/Pegase-Red-RVB.jpg","type":"image\/jpeg"}],"twitter_card":"summary_large_image","twitter_image":"https:\/\/generativehumanae.ch\/wp-content\/uploads\/2020\/12\/Pegase-Red-RVB.jpg","schema":{"@context":"https:\/\/schema.org","@graph":[{"@type":"WebPage","@id":"https:\/\/generativehumanae.ch\/fr\/contact\/","url":"https:\/\/generativehumanae.ch\/fr\/contact\/","name":"Notre cabinet de transformation | Dirigez vos \u00e9quipes et carri\u00e8re","isPartOf":{"@id":"https:\/\/generativehumanae.ch\/en\/#website"},"primaryImageOfPage":{"@id":"https:\/\/generativehumanae.ch\/fr\/contact\/#primaryimage"},"image":{"@id":"https:\/\/generativehumanae.ch\/fr\/contact\/#primaryimage"},"thumbnailUrl":"https:\/\/generativehumanae.ch\/wp-content\/uploads\/2020\/12\/DSC01349_PPT.jpg","datePublished":"2020-03-26T08:45:52+00:00","dateModified":"2025-03-18T10:28:05+00:00","description":"Le cabinet GenerativeHumanae, des experts et pionniers dans la Mise en Puissance de l\u2019organisation, de l\u2019\u00e9quipe et de l\u2019individu - coaching de carri\u00e8re","breadcrumb":{"@id":"https:\/\/generativehumanae.ch\/fr\/contact\/#breadcrumb"},"inLanguage":"fr-FR","potentialAction":[{"@type":"ReadAction","target":["https:\/\/generativehumanae.ch\/fr\/contact\/"]}]},{"@type":"ImageObject","inLanguage":"fr-FR","@id":"https:\/\/generativehumanae.ch\/fr\/contact\/#primaryimage","url":"https:\/\/generativehumanae.ch\/wp-content\/uploads\/2020\/12\/DSC01349_PPT.jpg","contentUrl":"https:\/\/generativehumanae.ch\/wp-content\/uploads\/2020\/12\/DSC01349_PPT.jpg","width":2497,"height":1221},{"@type":"BreadcrumbList","@id":"https:\/\/generativehumanae.ch\/fr\/contact\/#breadcrumb","itemListElement":[{"@type":"ListItem","position":1,"name":"Home","item":"https:\/\/generativehumanae.ch\/fr\/"},{"@type":"ListItem","position":2,"name":"Contact"}]},{"@type":"WebSite","@id":"https:\/\/generativehumanae.ch\/en\/#website","url":"https:\/\/generativehumanae.ch\/en\/","name":"Generative Humanae","description":"Get inspired &amp; Inspire","potentialAction":[{"@type":"SearchAction","target":{"@type":"EntryPoint","urlTemplate":"https:\/\/generativehumanae.ch\/en\/?s={search_term_string}"},"query-input":{"@type":"PropertyValueSpecification","valueRequired":true,"valueName":"search_term_string"}}],"inLanguage":"fr-FR"}]}},"_links":{"self":[{"href":"https:\/\/generativehumanae.ch\/fr\/wp-json\/wp\/v2\/pages\/15","targetHints":{"allow":["GET"]}}],"collection":[{"href":"https:\/\/generativehumanae.ch\/fr\/wp-json\/wp\/v2\/pages"}],"about":[{"href":"https:\/\/generativehumanae.ch\/fr\/wp-json\/wp\/v2\/types\/page"}],"author":[{"embeddable":true,"href":"https:\/\/generativehumanae.ch\/fr\/wp-json\/wp\/v2\/users\/1"}],"replies":[{"embeddable":true,"href":"https:\/\/generativehumanae.ch\/fr\/wp-json\/wp\/v2\/comments?post=15"}],"version-history":[{"count":54,"href":"https:\/\/generativehumanae.ch\/fr\/wp-json\/wp\/v2\/pages\/15\/revisions"}],"predecessor-version":[{"id":3113,"href":"https:\/\/generativehumanae.ch\/fr\/wp-json\/wp\/v2\/pages\/15\/revisions\/3113"}],"wp:featuredmedia":[{"embeddable":true,"href":"https:\/\/generativehumanae.ch\/fr\/wp-json\/wp\/v2\/media\/794"}],"wp:attachment":[{"href":"https:\/\/generativehumanae.ch\/fr\/wp-json\/wp\/v2\/media?parent=15"}],"curies":[{"name":"wp","href":"https:\/\/api.w.org\/{rel}","templated":true}]}}